{"id":201975,"date":"2026-04-27T14:48:24","date_gmt":"2026-04-27T12:48:24","guid":{"rendered":"https:\/\/hossoland.pl\/?page_id=201975"},"modified":"2026-04-27T14:56:11","modified_gmt":"2026-04-27T12:56:11","slug":"warunki-majowka-z-wikingami","status":"publish","type":"page","link":"https:\/\/hossoland.pl\/en\/warunki-majowka-z-wikingami\/","title":{"rendered":"Warunki \u201eMaj\u00f3wka z Wikingami\u201d"},"content":{"rendered":"<div data-elementor-type=\"wp-page\" data-elementor-id=\"201975\" class=\"elementor elementor-201975\" data-elementor-post-type=\"page\">\n\t\t\t\t<div class=\"elementor-element elementor-element-e86ddf2 e-flex e-con-boxed e-con e-parent\" data-id=\"e86ddf2\" data-element_type=\"container\" data-e-type=\"container\">\n\t\t\t\t\t<div class=\"e-con-inner\">\n\t\t\t\t<div class=\"elementor-element elementor-element-5fdc64be elementor-widget elementor-widget-text-editor\" data-id=\"5fdc64be\" data-element_type=\"widget\" data-e-type=\"widget\" data-widget_type=\"text-editor.default\">\n\t\t\t\t<div class=\"elementor-widget-container\">\n\t\t\t\t\t\t\t\t\t<p align=\"center\"><b>Warunki Promocji \u201eMaj\u00f3wka z Wikingami\u201d<\/b><\/p><ol><li>The organiser of the promotion is Hossoland Sp\u00f3\u0142ka z ograniczon\u0105 odpowiedzialno\u015bci\u0105, registered office <br \/>in Szczecin (70-535 Szczecin) at ul. Ma\u0142a Odrza\u0144ska 19, KRS 0000673582, REGON 367051556, <br \/>NIP 8513206892, hereinafter referred to as the \"Organiser\". <\/li><li>Participant - a person who meets the criteria indicated in \u00a72 of these Promotion Terms and Conditions.<\/li><li>Promocja \u2013 opisana promocja organizowana jest pod nazw\u0105: &#8222;Maj\u00f3wka z Wikingami\u201d.<\/li><li>Promocja dotyczy bilet\u00f3w zakupionych online w dniach od 28 kwietnia do 3 maja 2026 r. do godz. 23:59. Organizator zastrzega sobie prawo do zmiany terminu jej obowi\u0105zywania.<\/li><li>Electronic admission tickets to Hossoland Theme Park can be purchased under this promotion.<\/li><li>The promotion does not combine with other discounts and reductions.<\/li><li>Promotional tickets purchased via the website will be sent to the Participant's email address indicated by the Participant in the order.<\/li><li>The organiser reserves the right to change the terms and conditions of the promotion, cancel it or make changes <br \/>in the regulations.<\/li><\/ol><p align=\"center\"><b>\u00a71 GENERAL PROVISIONS<\/b><\/p><ol><li>Organizatorem promocji jest Hossoland Sp\u00f3\u0142ka z ograniczon\u0105 odpowiedzialno\u015bci\u0105 z siedzib\u0105 <br \/>in Szczecin (70-535 Szczecin), at ul. Ma\u0142a Odrza\u0144ska 19, entered in the register of entrepreneurs of the National Court Register under the number: 0000673582, REGON: 367051556, NIP: 8513206892, hereinafter referred to as the \"Organiser\".<\/li><li>Participant - a person who fulfils the conditions specified in \u00a72 of the Promotion Terms and Conditions.<\/li><li>Terms and Conditions - these terms and conditions of the Promotion.<\/li><li>Promocja \u2013 niniejsza promocja organizowana pod nazw\u0105 \u201eMaj\u00f3wka z Wikingami\u201d.<\/li><li>The Participant can only purchase the tickets covered by the promotion on the website www.hossoland.pl.<\/li><li>Promocja dotyczy wy\u0142\u0105cznie bilet\u00f3w zakupionych w formie elektronicznej na sezon niski, zgodnie <br \/>z kalendarzem otwarcia parku dost\u0119pnym na stronie internetowej Organizatora.<\/li><li>To make use of the promotion, please add the selected tickets to your basket. The discount will automatically be applied to all tickets, except for the parking ticket.<\/li><li>Tickets purchased under the promotion will be sent electronically to the email address indicated by the Participant when placing the order.<\/li><li>The promotion does not combine with other discounts and reductions.<\/li><li>Promotional tickets cannot be resold, exchanged for another type of ticket or extended. It is not possible to add a different type of ticket.<\/li><li>The purchase of a promotional ticket signifies the Participant's acceptance of these Promotion Terms and Conditions.<\/li><\/ol><p align=\"center\"><b>\u00a72 CONDITIONS OF PARTICIPATION IN THE PROMOTION<\/b><\/p><ol><li>The Promotion is only addressed to natural persons who are consumers within the meaning of Article 22 of the Civil Code, who have their place of residence in the territory of the Republic of Poland and are at least 18 years old on the date of entering the Promotion.<\/li><li>W celu skorzystania z promocji, Uczestnik zobowi\u0105zany jest do zakupu bilet\u00f3w obj\u0119tych promocj\u0105 na stronie internetowej Organizatora: www.hossoland.pl.<\/li><li>By joining the Promotion, the Participant confirms that he\/she has read the terms and conditions of the Promotion, accepts the terms and conditions and meets all the criteria required to participate in the Promotion.<\/li><\/ol><p align=\"center\"><b>\u00a73 FINAL PROVISIONS<\/b><\/p><ol><li>The terms and conditions of this Promotion are available on the Organiser's website: www.hossoland.pl. <br \/>Matters not covered by these terms and conditions shall be governed by the provisions of the Rules and Regulations for Online Ticket Sales, available on the website indicated.<\/li><li>Promotional tickets offered as part of this Promotion cannot be purchased using the instalment system. Promotional tickets can only be purchased by making a one-time payment of the entire amount due for the ticket.<\/li><li>Any complaints relating to the promotion must be made in writing to the Organiser's registered office address or by email to info@hossoland.pl within 14 days of the end of the promotion.<\/li><li>The Organiser is not responsible for non-delivery of a ticket resulting from incorrect contact details provided by the Participant.<\/li><li>The number of promotional tickets may be limited. If the pool is exhausted, the promotion may end earlier than scheduled.<\/li><li>The organiser reserves the right to change the terms and conditions of the promotion, cancel it or amend the terms and conditions.<\/li><\/ol>\t\t\t\t\t\t\t\t<\/div>\n\t\t\t\t<\/div>\n\t\t\t\t\t<\/div>\n\t\t\t\t<\/div>\n\t\t\t\t<\/div>","protected":false},"excerpt":{"rendered":"<p>Warunki Promocji \u201eMaj\u00f3wka z Wikingami\u201d Organizatorem promocji jest Hossoland Sp\u00f3\u0142ka z ograniczon\u0105 odpowiedzialno\u015bci\u0105, z siedzib\u0105 w Szczecinie (70-535 Szczecin) przy ul. Ma\u0142a Odrza\u0144ska 19, KRS 0000673582, REGON 367051556, NIP 8513206892, [&hellip;]<\/p>\n","protected":false},"author":2,"featured_media":0,"parent":0,"menu_order":0,"comment_status":"closed","ping_status":"closed","template":"elementor_header_footer","meta":{"footnotes":""},"class_list":["post-201975","page","type-page","status-publish","hentry"],"acf":[],"yoast_head":"<!-- This site is optimized with the Yoast SEO Premium plugin v23.8 (Yoast SEO v27.3) - https:\/\/yoast.com\/product\/yoast-seo-premium-wordpress\/ -->\n<title>Warunki \u201eMaj\u00f3wka z Wikingami\u201d - HOSSOLAND - Nieziemski park rozrywki<\/title>\n<meta name=\"robots\" content=\"index, follow, max-snippet:-1, max-image-preview:large, max-video-preview:-1\" \/>\n<link rel=\"canonical\" href=\"https:\/\/hossoland.pl\/en\/warunki-majowka-z-wikingami\/\" \/>\n<meta property=\"og:locale\" content=\"en_GB\" \/>\n<meta property=\"og:type\" content=\"article\" \/>\n<meta property=\"og:title\" content=\"Warunki \u201eMaj\u00f3wka z Wikingami\u201d\" \/>\n<meta property=\"og:description\" content=\"Warunki Promocji \u201eMaj\u00f3wka z Wikingami\u201d Organizatorem promocji jest Hossoland Sp\u00f3\u0142ka z ograniczon\u0105 odpowiedzialno\u015bci\u0105, z siedzib\u0105 w Szczecinie (70-535 Szczecin) przy ul. Ma\u0142a Odrza\u0144ska 19, KRS 0000673582, REGON 367051556, NIP 8513206892, [&hellip;]\" \/>\n<meta property=\"og:url\" content=\"https:\/\/hossoland.pl\/en\/warunki-majowka-z-wikingami\/\" \/>\n<meta property=\"og:site_name\" content=\"HOSSOLAND - Nieziemski park rozrywki\" \/>\n<meta property=\"article:modified_time\" content=\"2026-04-27T12:56:11+00:00\" \/>\n<meta property=\"og:image\" content=\"https:\/\/hossoland.pl\/wp-content\/uploads\/2025\/06\/image-2025-06-25-17-06-27-883_xnc.webp\" \/>\n\t<meta property=\"og:image:width\" content=\"1920\" \/>\n\t<meta property=\"og:image:height\" content=\"1280\" \/>\n\t<meta property=\"og:image:type\" content=\"image\/webp\" \/>\n<meta name=\"twitter:card\" content=\"summary_large_image\" \/>\n<meta name=\"twitter:label1\" content=\"Estimated reading time\" \/>\n\t<meta name=\"twitter:data1\" content=\"4 minutes\" \/>\n<script type=\"application\/ld+json\" class=\"yoast-schema-graph\">{\"@context\":\"https:\\\/\\\/schema.org\",\"@graph\":[{\"@type\":\"WebPage\",\"@id\":\"https:\\\/\\\/hossoland.pl\\\/warunki-majowka-z-wikingami\\\/\",\"url\":\"https:\\\/\\\/hossoland.pl\\\/warunki-majowka-z-wikingami\\\/\",\"name\":\"Warunki \u201eMaj\u00f3wka z Wikingami\u201d - HOSSOLAND - Nieziemski park rozrywki\",\"isPartOf\":{\"@id\":\"https:\\\/\\\/hossoland.pl\\\/#website\"},\"datePublished\":\"2026-04-27T12:48:24+00:00\",\"dateModified\":\"2026-04-27T12:56:11+00:00\",\"breadcrumb\":{\"@id\":\"https:\\\/\\\/hossoland.pl\\\/warunki-majowka-z-wikingami\\\/#breadcrumb\"},\"inLanguage\":\"en-GB\",\"potentialAction\":[{\"@type\":\"ReadAction\",\"target\":[\"https:\\\/\\\/hossoland.pl\\\/warunki-majowka-z-wikingami\\\/\"]}]},{\"@type\":\"BreadcrumbList\",\"@id\":\"https:\\\/\\\/hossoland.pl\\\/warunki-majowka-z-wikingami\\\/#breadcrumb\",\"itemListElement\":[{\"@type\":\"ListItem\",\"position\":1,\"name\":\"Strona g\u0142\u00f3wna\",\"item\":\"https:\\\/\\\/hossoland.pl\\\/\"},{\"@type\":\"ListItem\",\"position\":2,\"name\":\"Warunki \u201eMaj\u00f3wka z Wikingami\u201d\"}]},{\"@type\":\"WebSite\",\"@id\":\"https:\\\/\\\/hossoland.pl\\\/#website\",\"url\":\"https:\\\/\\\/hossoland.pl\\\/\",\"name\":\"HOSSOLAND - Nieziemski park rozrywki\",\"description\":\"Nieziemski park rozrywki\",\"potentialAction\":[{\"@type\":\"SearchAction\",\"target\":{\"@type\":\"EntryPoint\",\"urlTemplate\":\"https:\\\/\\\/hossoland.pl\\\/?s={search_term_string}\"},\"query-input\":{\"@type\":\"PropertyValueSpecification\",\"valueRequired\":true,\"valueName\":\"search_term_string\"}}],\"inLanguage\":\"en-GB\"}]}<\/script>\n<!-- \/ Yoast SEO Premium plugin. -->","yoast_head_json":{"title":"Warunki \u201eMaj\u00f3wka z Wikingami\u201d - HOSSOLAND - Nieziemski park rozrywki","robots":{"index":"index","follow":"follow","max-snippet":"max-snippet:-1","max-image-preview":"max-image-preview:large","max-video-preview":"max-video-preview:-1"},"canonical":"https:\/\/hossoland.pl\/en\/warunki-majowka-z-wikingami\/","og_locale":"en_GB","og_type":"article","og_title":"Warunki \u201eMaj\u00f3wka z Wikingami\u201d","og_description":"Warunki Promocji \u201eMaj\u00f3wka z Wikingami\u201d Organizatorem promocji jest Hossoland Sp\u00f3\u0142ka z ograniczon\u0105 odpowiedzialno\u015bci\u0105, z siedzib\u0105 w Szczecinie (70-535 Szczecin) przy ul. Ma\u0142a Odrza\u0144ska 19, KRS 0000673582, REGON 367051556, NIP 8513206892, [&hellip;]","og_url":"https:\/\/hossoland.pl\/en\/warunki-majowka-z-wikingami\/","og_site_name":"HOSSOLAND - Nieziemski park rozrywki","article_modified_time":"2026-04-27T12:56:11+00:00","og_image":[{"width":1920,"height":1280,"url":"https:\/\/hossoland.pl\/wp-content\/uploads\/2025\/06\/image-2025-06-25-17-06-27-883_xnc.webp","type":"image\/webp"}],"twitter_card":"summary_large_image","twitter_misc":{"Estimated reading time":"4 minutes"},"schema":{"@context":"https:\/\/schema.org","@graph":[{"@type":"WebPage","@id":"https:\/\/hossoland.pl\/warunki-majowka-z-wikingami\/","url":"https:\/\/hossoland.pl\/warunki-majowka-z-wikingami\/","name":"Warunki \u201eMaj\u00f3wka z Wikingami\u201d - HOSSOLAND - Nieziemski park rozrywki","isPartOf":{"@id":"https:\/\/hossoland.pl\/#website"},"datePublished":"2026-04-27T12:48:24+00:00","dateModified":"2026-04-27T12:56:11+00:00","breadcrumb":{"@id":"https:\/\/hossoland.pl\/warunki-majowka-z-wikingami\/#breadcrumb"},"inLanguage":"en-GB","potentialAction":[{"@type":"ReadAction","target":["https:\/\/hossoland.pl\/warunki-majowka-z-wikingami\/"]}]},{"@type":"BreadcrumbList","@id":"https:\/\/hossoland.pl\/warunki-majowka-z-wikingami\/#breadcrumb","itemListElement":[{"@type":"ListItem","position":1,"name":"Strona g\u0142\u00f3wna","item":"https:\/\/hossoland.pl\/"},{"@type":"ListItem","position":2,"name":"Warunki \u201eMaj\u00f3wka z Wikingami\u201d"}]},{"@type":"WebSite","@id":"https:\/\/hossoland.pl\/#website","url":"https:\/\/hossoland.pl\/","name":"HOSSOLAND - An unearthly theme park","description":"An unearthly theme park","potentialAction":[{"@type":"SearchAction","target":{"@type":"EntryPoint","urlTemplate":"https:\/\/hossoland.pl\/?s={search_term_string}"},"query-input":{"@type":"PropertyValueSpecification","valueRequired":true,"valueName":"search_term_string"}}],"inLanguage":"en-GB"}]}},"_links":{"self":[{"href":"https:\/\/hossoland.pl\/en\/wp-json\/wp\/v2\/pages\/201975","targetHints":{"allow":["GET"]}}],"collection":[{"href":"https:\/\/hossoland.pl\/en\/wp-json\/wp\/v2\/pages"}],"about":[{"href":"https:\/\/hossoland.pl\/en\/wp-json\/wp\/v2\/types\/page"}],"author":[{"embeddable":true,"href":"https:\/\/hossoland.pl\/en\/wp-json\/wp\/v2\/users\/2"}],"replies":[{"embeddable":true,"href":"https:\/\/hossoland.pl\/en\/wp-json\/wp\/v2\/comments?post=201975"}],"version-history":[{"count":9,"href":"https:\/\/hossoland.pl\/en\/wp-json\/wp\/v2\/pages\/201975\/revisions"}],"predecessor-version":[{"id":201984,"href":"https:\/\/hossoland.pl\/en\/wp-json\/wp\/v2\/pages\/201975\/revisions\/201984"}],"wp:attachment":[{"href":"https:\/\/hossoland.pl\/en\/wp-json\/wp\/v2\/media?parent=201975"}],"curies":[{"name":"wp","href":"https:\/\/api.w.org\/{rel}","templated":true}]}}