{"id":193865,"date":"2026-04-07T09:37:17","date_gmt":"2026-04-07T07:37:17","guid":{"rendered":"https:\/\/hossoland.pl\/?page_id=193865"},"modified":"2026-04-07T10:36:40","modified_gmt":"2026-04-07T08:36:40","slug":"warunki-promocji-przedsprzedaz-2026","status":"publish","type":"page","link":"https:\/\/hossoland.pl\/en\/warunki-promocji-przedsprzedaz-2026\/","title":{"rendered":"Warunki promocji &#8222;Przedsprzeda\u017c 2026\u201d"},"content":{"rendered":"<div data-elementor-type=\"wp-page\" data-elementor-id=\"193865\" class=\"elementor elementor-193865\" data-elementor-post-type=\"page\">\n\t\t\t\t<div class=\"elementor-element elementor-element-d75f1ae e-flex e-con-boxed e-con e-parent\" data-id=\"d75f1ae\" data-element_type=\"container\" data-e-type=\"container\">\n\t\t\t\t\t<div class=\"e-con-inner\">\n\t\t\t\t<div class=\"elementor-element elementor-element-5744859 rozmiar16 elementor-widget elementor-widget-text-editor\" data-id=\"5744859\" data-element_type=\"widget\" data-e-type=\"widget\" data-widget_type=\"text-editor.default\">\n\t\t\t\t<div class=\"elementor-widget-container\">\n\t\t\t\t\t\t\t\t\t<p align=\"center\"><strong>Warunki promocji &#8222;Przedsprzeda\u017c 2026\u201d<\/strong><\/p><ol><li><p align=\"justify\">The organiser of the promotion is Hossoland Sp\u00f3\u0142ka z ograniczon\u0105 odpowiedzialno\u015bci\u0105, based in Szczecin (70-535 Szczecin) at ul. Ma\u0142a Odrza\u0144ska 19, KRS 0000673582, REGON 367051556, NIP 8513206892, hereinafter referred to as the \u201eOrganiser\u201d.<\/p><\/li><li><p align=\"justify\">Participant - a person who meets the criteria indicated in \u00a72 of these Promotion Terms and Conditions.<\/p><\/li><li><p align=\"justify\">Promotion - the described promotion is organised under the name: <strong>&#8222;Przedsprzeda\u017c 2026\u201d.<\/strong><\/p><\/li><li><p align=\"justify\">Promocja dotyczy bilet\u00f3w zakupionych online w dniach od 7 kwietnia 2026 r. od godz. 10:00 do 24 kwietnia 2026 r. do godz. 23:59. Organizator zastrzega sobie prawo do zmiany terminu jej obowi\u0105zywania.<\/p><\/li><li><p align=\"justify\">Na podstawie tej promocji mo\u017cna zakupi\u0107 bilety wst\u0119pu w formie elektronicznej do Parku Rozrywki<br \/>Hossoland.<\/p><\/li><li>The promotion does not combine with other discounts and reductions.<\/li><li>Promocja nie obejmuje bilet\u00f3w grupowych, dzieci\u0119cych, urodzinowych oraz op\u0142aty za parking.<\/li><li>Promotional tickets purchased via the website will be sent to the Participant's email address indicated by the Participant in the order.<\/li><li>The organiser reserves the right to change the terms and conditions of the promotion, cancel it or make changes<br \/>in the regulations.<\/li><\/ol><p align=\"center\"><span style=\"font-family: Aptos Narrow, sans-serif;\"><span style=\"font-size: small;\"><b>\u00a71 GENERAL PROVISIONS<\/b><\/span><\/span><\/p><ol><li><p align=\"justify\">The organiser of the promotion is <strong>Hossoland Sp\u00f3\u0142ka z ograniczon\u0105 odpowiedzialno\u015bci\u0105<\/strong> z siedzib\u0105 w Szczecinie (70-535 Szczecin), przy ul. Ma\u0142a Odrza\u0144ska 19, wpisana do rejestru przedsi\u0119biorc\u00f3w KRS: 0000673582, REGON: 367051556, NIP: 8513206892, zwana dalej \u201eOrganizatorem\u201d.<\/p><\/li><li><p align=\"justify\">Participant - a person who fulfils the conditions specified in \u00a72 of the Promotion Terms and Conditions.<\/p><\/li><li><p align=\"justify\">Terms and Conditions - these terms and conditions of the Promotion.<\/p><\/li><li><p align=\"justify\">Promotion - this promotion organised under the name <strong>\u201ePrzedsprzeda\u017c 2026\u201d<\/strong>.<\/p><\/li><li><p align=\"justify\">The Participant can only purchase the tickets covered by the promotion on the website www.hossoland.pl.<\/p><\/li><li><p align=\"justify\">Promocja dotyczy wy\u0142\u0105cznie bilet\u00f3w zakupionych w formie elektronicznej na sezon niski, zgodnie z kalendarzem otwarcia parku dost\u0119pnym na stronie internetowej Organizatora.<\/p><\/li><li><p align=\"justify\">Aby skorzysta\u0107 z promocji, nale\u017cy doda\u0107 do koszyka co najmniej dwa promocyjne bilety. Zni\u017cka w wysoko\u015bci 50% zostanie automatycznie naliczona na ta\u0144szy z dw\u00f3ch bilet\u00f3w. W przypadku zakupu wi\u0119kszej liczby bilet\u00f3w promocja naliczana jest za ka\u017cd\u0105 kolejn\u0105 par\u0119 bilet\u00f3w, przy czym rabat 50% obejmuje ta\u0144szy bilet w danej parze. Je\u015bli oba bilety w parze maj\u0105 tak\u0105 sam\u0105 cen\u0119, rabat zostanie naliczony na jeden z nich.<\/p><\/li><li><p align=\"justify\">Tickets purchased under the promotion will be sent electronically to the email address indicated by the Participant when placing the order.<\/p><\/li><li><p align=\"justify\">Bilety obj\u0119te promocj\u0105 Uczestnik mo\u017ce zakupi\u0107 wy\u0142\u0105cznie na stronie internetowej www.hossoland.pl<\/p><\/li><li><p align=\"justify\">Tickets purchased under the promotion will be sent electronically to the email address indicated by the Participant when placing the order.<\/p><\/li><li><p align=\"justify\">The promotion does not combine with other discounts and reductions.<\/p><\/li><li><p align=\"justify\">Promocja nie obejmuje bilet\u00f3w grupowych, dzieci\u0119cych, urodzinowych oraz op\u0142aty za parking.<\/p><\/li><li><p align=\"justify\">Promotional tickets are not resellable, exchangeable for another ticket type or extendable. It is not possible to add a surcharge for another type of ticket.<\/p><\/li><li><p align=\"justify\">The purchase of a promotional ticket signifies the Participant's acceptance of these Promotion Terms and Conditions.<\/p><\/li><\/ol><p align=\"center\"><span style=\"font-family: Aptos Narrow, sans-serif;\"><span style=\"font-size: small;\"><b>\u00a72 CONDITIONS OF PARTICIPATION IN THE PROMOTION<\/b><\/span><\/span><\/p><ol><li><p align=\"justify\">The Promotion is only addressed to natural persons who are consumers within the meaning of Article 22 of the Civil Code, who have their place of residence in the territory of the Republic of Poland and are at least 18 years old on the date of entering the Promotion.<\/p><\/li><li><p align=\"justify\">W celu skorzystania z promocji, Uczestnik zobowi\u0105zany jest do zakupu bilet\u00f3w obj\u0119tych promocj\u0105 na stronie internetowej Organizatora: www.hossoland.pl.<\/p><\/li><li><p align=\"justify\">By joining the Promotion, the Participant confirms that he\/she has read the terms and conditions of the Promotion, accepts the terms and conditions and meets all the criteria required to participate in the Promotion.<\/p><\/li><\/ol><p align=\"center\"><span style=\"font-family: Aptos Narrow, sans-serif;\"><span style=\"font-size: small;\"><b>\u00a73 FINAL PROVISIONS<\/b><\/span><\/span><\/p><ol><li><p>Warunki niniejszej Promocji s\u0105 dost\u0119pne na stronie internetowej Organizatora: www.hossoland.pl. W kwestiach nieobj\u0119tych niniejszym regulaminem obowi\u0105zuj\u0105 zapisy Regulaminu sprzeda\u017cy bilet\u00f3w online, dost\u0119pnego na wskazanej stronie.<\/p><\/li><li><p>Promotional tickets offered as part of this Promotion cannot be purchased using the instalment system. Promotional tickets can only be purchased by making a one-time payment of the entire amount due for the ticket.<\/p><\/li><li><p>Wszelkie reklamacje zwi\u0105zane z promocj\u0105 nale\u017cy zg\u0142asza\u0107 pisemnie na adres siedziby Organizatora lub mailowo na adres: <a href=\"mailto:info@hossoland.pl\">info@hossoland.pl<\/a>within 14 days of the end of the promotion.<\/p><\/li><li><p>The Organiser is not responsible for non-delivery of a ticket resulting from incorrect contact details provided by the Participant.<\/p><\/li><li><p>The number of promotional tickets may be limited. If the pool is exhausted, the promotion may end earlier than scheduled.<\/p><\/li><li><p>The organiser reserves the right to change the terms and conditions of the promotion, cancel it or amend the terms and conditions.<\/p><\/li><\/ol>\t\t\t\t\t\t\t\t<\/div>\n\t\t\t\t<\/div>\n\t\t\t\t\t<\/div>\n\t\t\t\t<\/div>\n\t\t\t\t<\/div>","protected":false},"excerpt":{"rendered":"<p>Warunki promocji &#8222;Przedsprzeda\u017c 2026\u201d Organizatorem promocji jest Hossoland Sp\u00f3\u0142ka z ograniczon\u0105 odpowiedzialno\u015bci\u0105, z siedzib\u0105 w Szczecinie (70-535 Szczecin) przy ul. Ma\u0142a Odrza\u0144ska 19, KRS 0000673582, REGON 367051556, NIP 8513206892, zwana [&hellip;]<\/p>\n","protected":false},"author":2,"featured_media":0,"parent":0,"menu_order":0,"comment_status":"closed","ping_status":"closed","template":"elementor_header_footer","meta":{"footnotes":""},"class_list":["post-193865","page","type-page","status-publish","hentry"],"acf":[],"yoast_head":"<!-- This site is optimized with the Yoast SEO Premium plugin v23.8 (Yoast SEO v27.3) - https:\/\/yoast.com\/product\/yoast-seo-premium-wordpress\/ -->\n<title>Warunki promocji &quot;Przedsprzeda\u017c 2026\u201d - HOSSOLAND - Nieziemski park rozrywki<\/title>\n<meta name=\"robots\" content=\"index, follow, max-snippet:-1, max-image-preview:large, max-video-preview:-1\" \/>\n<link rel=\"canonical\" href=\"https:\/\/hossoland.pl\/en\/warunki-promocji-przedsprzedaz-2026\/\" \/>\n<meta property=\"og:locale\" content=\"en_GB\" \/>\n<meta property=\"og:type\" content=\"article\" \/>\n<meta property=\"og:title\" content=\"Warunki promocji &quot;Przedsprzeda\u017c 2026\u201d\" \/>\n<meta property=\"og:description\" content=\"Warunki promocji &#8222;Przedsprzeda\u017c 2026\u201d Organizatorem promocji jest Hossoland Sp\u00f3\u0142ka z ograniczon\u0105 odpowiedzialno\u015bci\u0105, z siedzib\u0105 w Szczecinie (70-535 Szczecin) przy ul. Ma\u0142a Odrza\u0144ska 19, KRS 0000673582, REGON 367051556, NIP 8513206892, zwana [&hellip;]\" \/>\n<meta property=\"og:url\" content=\"https:\/\/hossoland.pl\/en\/warunki-promocji-przedsprzedaz-2026\/\" \/>\n<meta property=\"og:site_name\" content=\"HOSSOLAND - Nieziemski park rozrywki\" \/>\n<meta property=\"article:modified_time\" content=\"2026-04-07T08:36:40+00:00\" \/>\n<meta property=\"og:image\" content=\"https:\/\/hossoland.pl\/wp-content\/uploads\/2025\/06\/image-2025-06-25-17-06-27-883_xnc.webp\" \/>\n\t<meta property=\"og:image:width\" content=\"1920\" \/>\n\t<meta property=\"og:image:height\" content=\"1280\" \/>\n\t<meta property=\"og:image:type\" content=\"image\/webp\" \/>\n<meta name=\"twitter:card\" content=\"summary_large_image\" \/>\n<meta name=\"twitter:label1\" content=\"Estimated reading time\" \/>\n\t<meta name=\"twitter:data1\" content=\"4 minutes\" \/>\n<script type=\"application\/ld+json\" class=\"yoast-schema-graph\">{\"@context\":\"https:\\\/\\\/schema.org\",\"@graph\":[{\"@type\":\"WebPage\",\"@id\":\"https:\\\/\\\/hossoland.pl\\\/warunki-promocji-przedsprzedaz-2026\\\/\",\"url\":\"https:\\\/\\\/hossoland.pl\\\/warunki-promocji-przedsprzedaz-2026\\\/\",\"name\":\"Warunki promocji \\\"Przedsprzeda\u017c 2026\u201d - HOSSOLAND - Nieziemski park rozrywki\",\"isPartOf\":{\"@id\":\"https:\\\/\\\/hossoland.pl\\\/#website\"},\"datePublished\":\"2026-04-07T07:37:17+00:00\",\"dateModified\":\"2026-04-07T08:36:40+00:00\",\"breadcrumb\":{\"@id\":\"https:\\\/\\\/hossoland.pl\\\/warunki-promocji-przedsprzedaz-2026\\\/#breadcrumb\"},\"inLanguage\":\"en-GB\",\"potentialAction\":[{\"@type\":\"ReadAction\",\"target\":[\"https:\\\/\\\/hossoland.pl\\\/warunki-promocji-przedsprzedaz-2026\\\/\"]}]},{\"@type\":\"BreadcrumbList\",\"@id\":\"https:\\\/\\\/hossoland.pl\\\/warunki-promocji-przedsprzedaz-2026\\\/#breadcrumb\",\"itemListElement\":[{\"@type\":\"ListItem\",\"position\":1,\"name\":\"Strona g\u0142\u00f3wna\",\"item\":\"https:\\\/\\\/hossoland.pl\\\/\"},{\"@type\":\"ListItem\",\"position\":2,\"name\":\"Warunki promocji &#8222;Przedsprzeda\u017c 2026\u201d\"}]},{\"@type\":\"WebSite\",\"@id\":\"https:\\\/\\\/hossoland.pl\\\/#website\",\"url\":\"https:\\\/\\\/hossoland.pl\\\/\",\"name\":\"HOSSOLAND - Nieziemski park rozrywki\",\"description\":\"Nieziemski park rozrywki\",\"potentialAction\":[{\"@type\":\"SearchAction\",\"target\":{\"@type\":\"EntryPoint\",\"urlTemplate\":\"https:\\\/\\\/hossoland.pl\\\/?s={search_term_string}\"},\"query-input\":{\"@type\":\"PropertyValueSpecification\",\"valueRequired\":true,\"valueName\":\"search_term_string\"}}],\"inLanguage\":\"en-GB\"}]}<\/script>\n<!-- \/ Yoast SEO Premium plugin. -->","yoast_head_json":{"title":"Warunki promocji \"Przedsprzeda\u017c 2026\u201d - HOSSOLAND - Nieziemski park rozrywki","robots":{"index":"index","follow":"follow","max-snippet":"max-snippet:-1","max-image-preview":"max-image-preview:large","max-video-preview":"max-video-preview:-1"},"canonical":"https:\/\/hossoland.pl\/en\/warunki-promocji-przedsprzedaz-2026\/","og_locale":"en_GB","og_type":"article","og_title":"Warunki promocji \"Przedsprzeda\u017c 2026\u201d","og_description":"Warunki promocji &#8222;Przedsprzeda\u017c 2026\u201d Organizatorem promocji jest Hossoland Sp\u00f3\u0142ka z ograniczon\u0105 odpowiedzialno\u015bci\u0105, z siedzib\u0105 w Szczecinie (70-535 Szczecin) przy ul. Ma\u0142a Odrza\u0144ska 19, KRS 0000673582, REGON 367051556, NIP 8513206892, zwana [&hellip;]","og_url":"https:\/\/hossoland.pl\/en\/warunki-promocji-przedsprzedaz-2026\/","og_site_name":"HOSSOLAND - Nieziemski park rozrywki","article_modified_time":"2026-04-07T08:36:40+00:00","og_image":[{"width":1920,"height":1280,"url":"https:\/\/hossoland.pl\/wp-content\/uploads\/2025\/06\/image-2025-06-25-17-06-27-883_xnc.webp","type":"image\/webp"}],"twitter_card":"summary_large_image","twitter_misc":{"Estimated reading time":"4 minutes"},"schema":{"@context":"https:\/\/schema.org","@graph":[{"@type":"WebPage","@id":"https:\/\/hossoland.pl\/warunki-promocji-przedsprzedaz-2026\/","url":"https:\/\/hossoland.pl\/warunki-promocji-przedsprzedaz-2026\/","name":"Warunki promocji \"Przedsprzeda\u017c 2026\u201d - HOSSOLAND - Nieziemski park rozrywki","isPartOf":{"@id":"https:\/\/hossoland.pl\/#website"},"datePublished":"2026-04-07T07:37:17+00:00","dateModified":"2026-04-07T08:36:40+00:00","breadcrumb":{"@id":"https:\/\/hossoland.pl\/warunki-promocji-przedsprzedaz-2026\/#breadcrumb"},"inLanguage":"en-GB","potentialAction":[{"@type":"ReadAction","target":["https:\/\/hossoland.pl\/warunki-promocji-przedsprzedaz-2026\/"]}]},{"@type":"BreadcrumbList","@id":"https:\/\/hossoland.pl\/warunki-promocji-przedsprzedaz-2026\/#breadcrumb","itemListElement":[{"@type":"ListItem","position":1,"name":"Strona g\u0142\u00f3wna","item":"https:\/\/hossoland.pl\/"},{"@type":"ListItem","position":2,"name":"Warunki promocji &#8222;Przedsprzeda\u017c 2026\u201d"}]},{"@type":"WebSite","@id":"https:\/\/hossoland.pl\/#website","url":"https:\/\/hossoland.pl\/","name":"HOSSOLAND - An unearthly theme park","description":"An unearthly theme park","potentialAction":[{"@type":"SearchAction","target":{"@type":"EntryPoint","urlTemplate":"https:\/\/hossoland.pl\/?s={search_term_string}"},"query-input":{"@type":"PropertyValueSpecification","valueRequired":true,"valueName":"search_term_string"}}],"inLanguage":"en-GB"}]}},"_links":{"self":[{"href":"https:\/\/hossoland.pl\/en\/wp-json\/wp\/v2\/pages\/193865","targetHints":{"allow":["GET"]}}],"collection":[{"href":"https:\/\/hossoland.pl\/en\/wp-json\/wp\/v2\/pages"}],"about":[{"href":"https:\/\/hossoland.pl\/en\/wp-json\/wp\/v2\/types\/page"}],"author":[{"embeddable":true,"href":"https:\/\/hossoland.pl\/en\/wp-json\/wp\/v2\/users\/2"}],"replies":[{"embeddable":true,"href":"https:\/\/hossoland.pl\/en\/wp-json\/wp\/v2\/comments?post=193865"}],"version-history":[{"count":11,"href":"https:\/\/hossoland.pl\/en\/wp-json\/wp\/v2\/pages\/193865\/revisions"}],"predecessor-version":[{"id":193882,"href":"https:\/\/hossoland.pl\/en\/wp-json\/wp\/v2\/pages\/193865\/revisions\/193882"}],"wp:attachment":[{"href":"https:\/\/hossoland.pl\/en\/wp-json\/wp\/v2\/media?parent=193865"}],"curies":[{"name":"wp","href":"https:\/\/api.w.org\/{rel}","templated":true}]}}