{"id":123601,"date":"2025-08-05T08:58:13","date_gmt":"2025-08-05T06:58:13","guid":{"rendered":"https:\/\/hossoland.pl\/?page_id=123601"},"modified":"2025-08-14T12:29:47","modified_gmt":"2025-08-14T10:29:47","slug":"noclegi","status":"publish","type":"page","link":"https:\/\/hossoland.pl\/en\/noclegi\/","title":{"rendered":"Accommodation"},"content":{"rendered":"<div data-elementor-type=\"wp-page\" data-elementor-id=\"123601\" class=\"elementor elementor-123601\" data-elementor-post-type=\"page\">\n\t\t\t\t<div class=\"elementor-element elementor-element-9edcc89 e-con-full kontener e-flex e-con e-parent\" data-id=\"9edcc89\" data-element_type=\"container\" data-e-type=\"container\">\n\t\t\t\t<div class=\"elementor-element elementor-element-c262f49 orange-font rozmiar58 elementor-invisible elementor-widget elementor-widget-heading\" data-id=\"c262f49\" data-element_type=\"widget\" data-e-type=\"widget\" id=\"noclegi\" data-settings=\"{&quot;_animation&quot;:&quot;slideInUp&quot;,&quot;_animation_delay&quot;:200}\" data-widget_type=\"heading.default\">\n\t\t\t\t<div class=\"elementor-widget-container\">\n\t\t\t\t\t<h2 class=\"elementor-heading-title elementor-size-default\">Accommodation<\/h2>\t\t\t\t<\/div>\n\t\t\t\t<\/div>\n\t\t\t\t<div class=\"elementor-element elementor-element-b0600f5 elementor-invisible elementor-widget elementor-widget-text-editor\" data-id=\"b0600f5\" data-element_type=\"widget\" data-e-type=\"widget\" data-settings=\"{&quot;_animation&quot;:&quot;slideInUp&quot;,&quot;_animation_delay&quot;:600}\" data-widget_type=\"text-editor.default\">\n\t\t\t\t<div class=\"elementor-widget-container\">\n\t\t\t\t\t\t\t\t\t<p><div class=\"kafelki-grid\"><div class=\"kafelek\" style=\"position: relative;\"><div class=\"distance\">38 km<\/div><a href=\"https:\/\/hossoland.pl\/en\/hotel\/soleo-family-resort\/\" target=\"_blank\"><img fetchpriority=\"high\" decoding=\"async\" width=\"2560\" height=\"1441\" src=\"https:\/\/hossoland.pl\/wp-content\/uploads\/2025\/11\/1-1-scaled.jpg\" class=\"attachment-full size-full wp-post-image\" alt=\"\" srcset=\"https:\/\/hossoland.pl\/wp-content\/uploads\/2025\/11\/1-1-scaled.jpg 2560w, https:\/\/hossoland.pl\/wp-content\/uploads\/2025\/11\/1-1-300x169.jpg 300w, https:\/\/hossoland.pl\/wp-content\/uploads\/2025\/11\/1-1-1024x576.jpg 1024w, https:\/\/hossoland.pl\/wp-content\/uploads\/2025\/11\/1-1-768x432.jpg 768w, https:\/\/hossoland.pl\/wp-content\/uploads\/2025\/11\/1-1-1536x864.jpg 1536w, https:\/\/hossoland.pl\/wp-content\/uploads\/2025\/11\/1-1-2048x1153.jpg 2048w, https:\/\/hossoland.pl\/wp-content\/uploads\/2025\/11\/1-1-18x10.jpg 18w, https:\/\/hossoland.pl\/wp-content\/uploads\/2025\/11\/1-1-600x338.jpg 600w\" sizes=\"(max-width: 2560px) 100vw, 2560px\" \/><\/a><div class=\"kafelek-header\"><div class=\"kafelek-tekst\"><h3 class=\"kafelek-tytul\"><a href=\"https:\/\/hossoland.pl\/en\/hotel\/soleo-family-resort\/\">SOLEO\u00ae Family Resort<\/a><\/h3><\/div><div class=\"kafelek-przycisk\"><a href=\"https:\/\/hossoland.pl\/en\/hotel\/soleo-family-resort\/\" class=\"kafelek-szczegoly-button\" target=\"_blank\">Details<\/a><\/div><\/div><\/div><div class=\"kafelek\" style=\"position: relative;\"><div class=\"distance\">11 km<\/div><a href=\"https:\/\/hossoland.pl\/en\/hotel\/palac-w-rymaniu\/\" target=\"_blank\"><img decoding=\"async\" width=\"1024\" height=\"768\" src=\"https:\/\/hossoland.pl\/wp-content\/uploads\/2025\/10\/677676323-1.jpg\" class=\"attachment-full size-full wp-post-image\" alt=\"\" srcset=\"https:\/\/hossoland.pl\/wp-content\/uploads\/2025\/10\/677676323-1.jpg 1024w, https:\/\/hossoland.pl\/wp-content\/uploads\/2025\/10\/677676323-1-300x225.jpg 300w, https:\/\/hossoland.pl\/wp-content\/uploads\/2025\/10\/677676323-1-768x576.jpg 768w, https:\/\/hossoland.pl\/wp-content\/uploads\/2025\/10\/677676323-1-16x12.jpg 16w, https:\/\/hossoland.pl\/wp-content\/uploads\/2025\/10\/677676323-1-600x450.jpg 600w\" sizes=\"(max-width: 1024px) 100vw, 1024px\" \/><\/a><div class=\"kafelek-header\"><div class=\"kafelek-tekst\"><h3 class=\"kafelek-tytul\"><a href=\"https:\/\/hossoland.pl\/en\/hotel\/palac-w-rymaniu\/\">Palace*** in Ryman<\/a><\/h3><\/div><div class=\"kafelek-przycisk\"><a href=\"https:\/\/hossoland.pl\/en\/hotel\/palac-w-rymaniu\/\" class=\"kafelek-szczegoly-button\" target=\"_blank\">Details<\/a><\/div><\/div><\/div><div class=\"kafelek\" style=\"position: relative;\"><a href=\"https:\/\/hossoland.pl\/en\/hotel\/aqua-resort\/\" target=\"_blank\"><img decoding=\"async\" width=\"960\" height=\"720\" src=\"https:\/\/hossoland.pl\/wp-content\/uploads\/2025\/10\/Aqua-Resort-widok-ogolny-1.jpeg\" class=\"attachment-full size-full wp-post-image\" alt=\"\" srcset=\"https:\/\/hossoland.pl\/wp-content\/uploads\/2025\/10\/Aqua-Resort-widok-ogolny-1.jpeg 960w, https:\/\/hossoland.pl\/wp-content\/uploads\/2025\/10\/Aqua-Resort-widok-ogolny-1-300x225.jpeg 300w, https:\/\/hossoland.pl\/wp-content\/uploads\/2025\/10\/Aqua-Resort-widok-ogolny-1-768x576.jpeg 768w, https:\/\/hossoland.pl\/wp-content\/uploads\/2025\/10\/Aqua-Resort-widok-ogolny-1-16x12.jpeg 16w, https:\/\/hossoland.pl\/wp-content\/uploads\/2025\/10\/Aqua-Resort-widok-ogolny-1-600x450.jpeg 600w\" sizes=\"(max-width: 960px) 100vw, 960px\" \/><\/a><div class=\"kafelek-header\"><div class=\"kafelek-tekst\"><h3 class=\"kafelek-tytul\"><a href=\"https:\/\/hossoland.pl\/en\/hotel\/aqua-resort\/\">Aqua Resort<\/a><\/h3><\/div><div class=\"kafelek-przycisk\"><a href=\"https:\/\/hossoland.pl\/en\/hotel\/aqua-resort\/\" class=\"kafelek-szczegoly-button\" target=\"_blank\">Details<\/a><\/div><\/div><\/div><div class=\"kafelek\" style=\"position: relative;\"><a href=\"https:\/\/hossoland.pl\/en\/hotel\/familijni\/\" target=\"_blank\"><img loading=\"lazy\" decoding=\"async\" width=\"2500\" height=\"1667\" src=\"https:\/\/hossoland.pl\/wp-content\/uploads\/2025\/08\/familijni-2.jpg\" class=\"attachment-full size-full wp-post-image\" alt=\"\" srcset=\"https:\/\/hossoland.pl\/wp-content\/uploads\/2025\/08\/familijni-2.jpg 2500w, https:\/\/hossoland.pl\/wp-content\/uploads\/2025\/08\/familijni-2-300x200.jpg 300w, https:\/\/hossoland.pl\/wp-content\/uploads\/2025\/08\/familijni-2-1024x683.jpg 1024w, https:\/\/hossoland.pl\/wp-content\/uploads\/2025\/08\/familijni-2-768x512.jpg 768w, https:\/\/hossoland.pl\/wp-content\/uploads\/2025\/08\/familijni-2-1536x1024.jpg 1536w, https:\/\/hossoland.pl\/wp-content\/uploads\/2025\/08\/familijni-2-2048x1366.jpg 2048w, https:\/\/hossoland.pl\/wp-content\/uploads\/2025\/08\/familijni-2-18x12.jpg 18w, https:\/\/hossoland.pl\/wp-content\/uploads\/2025\/08\/familijni-2-600x400.jpg 600w\" sizes=\"(max-width: 2500px) 100vw, 2500px\" \/><\/a><div class=\"kafelek-header\"><div class=\"kafelek-tekst\"><h3 class=\"kafelek-tytul\"><a href=\"https:\/\/hossoland.pl\/en\/hotel\/familijni\/\">Families<\/a><\/h3><\/div><div class=\"kafelek-przycisk\"><a href=\"https:\/\/hossoland.pl\/en\/hotel\/familijni\/\" class=\"kafelek-szczegoly-button\" target=\"_blank\">Details<\/a><\/div><\/div><\/div><div class=\"kafelek\" style=\"position: relative;\"><div class=\"distance\">34 km<\/div><a href=\"https:\/\/hossoland.pl\/en\/hotel\/arka-medical-spa\/\" target=\"_blank\"><img loading=\"lazy\" decoding=\"async\" width=\"1920\" height=\"1441\" src=\"https:\/\/hossoland.pl\/wp-content\/uploads\/2025\/08\/RoomD1.jpg\" class=\"attachment-full size-full wp-post-image\" alt=\"\" srcset=\"https:\/\/hossoland.pl\/wp-content\/uploads\/2025\/08\/RoomD1.jpg 1920w, https:\/\/hossoland.pl\/wp-content\/uploads\/2025\/08\/RoomD1-300x225.jpg 300w, https:\/\/hossoland.pl\/wp-content\/uploads\/2025\/08\/RoomD1-1024x769.jpg 1024w, https:\/\/hossoland.pl\/wp-content\/uploads\/2025\/08\/RoomD1-768x576.jpg 768w, https:\/\/hossoland.pl\/wp-content\/uploads\/2025\/08\/RoomD1-1536x1153.jpg 1536w, https:\/\/hossoland.pl\/wp-content\/uploads\/2025\/08\/RoomD1-16x12.jpg 16w, https:\/\/hossoland.pl\/wp-content\/uploads\/2025\/08\/RoomD1-600x450.jpg 600w\" sizes=\"(max-width: 1920px) 100vw, 1920px\" \/><\/a><div class=\"kafelek-header\"><div class=\"kafelek-tekst\"><h3 class=\"kafelek-tytul\"><a href=\"https:\/\/hossoland.pl\/en\/hotel\/arka-medical-spa\/\">Arka Medical Spa ****<\/a><\/h3><\/div><div class=\"kafelek-przycisk\"><a href=\"https:\/\/hossoland.pl\/en\/hotel\/arka-medical-spa\/\" class=\"kafelek-szczegoly-button\" target=\"_blank\">Details<\/a><\/div><\/div><\/div><div class=\"kafelek\" style=\"position: relative;\"><div class=\"distance\">84 km<\/div><a href=\"https:\/\/hossoland.pl\/en\/hotel\/villa-astra-baltica\/\" target=\"_blank\"><img loading=\"lazy\" decoding=\"async\" width=\"2000\" height=\"1333\" src=\"https:\/\/hossoland.pl\/wp-content\/uploads\/2025\/08\/5H0A0018-2000x1333-1.jpg\" class=\"attachment-full size-full wp-post-image\" alt=\"\" srcset=\"https:\/\/hossoland.pl\/wp-content\/uploads\/2025\/08\/5H0A0018-2000x1333-1.jpg 2000w, https:\/\/hossoland.pl\/wp-content\/uploads\/2025\/08\/5H0A0018-2000x1333-1-300x200.jpg 300w, https:\/\/hossoland.pl\/wp-content\/uploads\/2025\/08\/5H0A0018-2000x1333-1-1024x682.jpg 1024w, https:\/\/hossoland.pl\/wp-content\/uploads\/2025\/08\/5H0A0018-2000x1333-1-768x512.jpg 768w, https:\/\/hossoland.pl\/wp-content\/uploads\/2025\/08\/5H0A0018-2000x1333-1-1536x1024.jpg 1536w, https:\/\/hossoland.pl\/wp-content\/uploads\/2025\/08\/5H0A0018-2000x1333-1-18x12.jpg 18w, https:\/\/hossoland.pl\/wp-content\/uploads\/2025\/08\/5H0A0018-2000x1333-1-600x400.jpg 600w\" sizes=\"(max-width: 2000px) 100vw, 2000px\" \/><\/a><div class=\"kafelek-header\"><div class=\"kafelek-tekst\"><h3 class=\"kafelek-tytul\"><a href=\"https:\/\/hossoland.pl\/en\/hotel\/villa-astra-baltica\/\">Villa Astra Baltica<\/a><\/h3><\/div><div class=\"kafelek-przycisk\"><a href=\"https:\/\/hossoland.pl\/en\/hotel\/villa-astra-baltica\/\" class=\"kafelek-szczegoly-button\" target=\"_blank\">Details<\/a><\/div><\/div><\/div><div class=\"kafelek\" style=\"position: relative;\"><div class=\"distance\">36 km<\/div><a href=\"https:\/\/hossoland.pl\/en\/hotel\/chimera-medical-spa\/\" target=\"_blank\"><img loading=\"lazy\" decoding=\"async\" width=\"1920\" height=\"1281\" src=\"https:\/\/hossoland.pl\/wp-content\/uploads\/2025\/08\/160_Chimera-Niechorze-fot-STOLZ-PT.jpg\" class=\"attachment-full size-full wp-post-image\" alt=\"\" srcset=\"https:\/\/hossoland.pl\/wp-content\/uploads\/2025\/08\/160_Chimera-Niechorze-fot-STOLZ-PT.jpg 1920w, https:\/\/hossoland.pl\/wp-content\/uploads\/2025\/08\/160_Chimera-Niechorze-fot-STOLZ-PT-300x200.jpg 300w, https:\/\/hossoland.pl\/wp-content\/uploads\/2025\/08\/160_Chimera-Niechorze-fot-STOLZ-PT-1024x683.jpg 1024w, https:\/\/hossoland.pl\/wp-content\/uploads\/2025\/08\/160_Chimera-Niechorze-fot-STOLZ-PT-768x512.jpg 768w, https:\/\/hossoland.pl\/wp-content\/uploads\/2025\/08\/160_Chimera-Niechorze-fot-STOLZ-PT-1536x1025.jpg 1536w, https:\/\/hossoland.pl\/wp-content\/uploads\/2025\/08\/160_Chimera-Niechorze-fot-STOLZ-PT-18x12.jpg 18w, https:\/\/hossoland.pl\/wp-content\/uploads\/2025\/08\/160_Chimera-Niechorze-fot-STOLZ-PT-600x400.jpg 600w\" sizes=\"(max-width: 1920px) 100vw, 1920px\" \/><\/a><div class=\"kafelek-header\"><div class=\"kafelek-tekst\"><h3 class=\"kafelek-tytul\"><a href=\"https:\/\/hossoland.pl\/en\/hotel\/chimera-medical-spa\/\">Chimera Medical Spa<\/a><\/h3><\/div><div class=\"kafelek-przycisk\"><a href=\"https:\/\/hossoland.pl\/en\/hotel\/chimera-medical-spa\/\" class=\"kafelek-szczegoly-button\" target=\"_blank\">Details<\/a><\/div><\/div><\/div><div class=\"kafelek\" style=\"position: relative;\"><div class=\"distance\">34 km<\/div><a href=\"https:\/\/hossoland.pl\/en\/hotel\/hotel-new-skanpol\/\" target=\"_blank\"><img loading=\"lazy\" decoding=\"async\" width=\"1920\" height=\"1280\" src=\"https:\/\/hossoland.pl\/wp-content\/uploads\/2025\/08\/DSC03351-HDR-1.jpg\" class=\"attachment-full size-full wp-post-image\" alt=\"\" srcset=\"https:\/\/hossoland.pl\/wp-content\/uploads\/2025\/08\/DSC03351-HDR-1.jpg 1920w, https:\/\/hossoland.pl\/wp-content\/uploads\/2025\/08\/DSC03351-HDR-1-300x200.jpg 300w, https:\/\/hossoland.pl\/wp-content\/uploads\/2025\/08\/DSC03351-HDR-1-1024x683.jpg 1024w, https:\/\/hossoland.pl\/wp-content\/uploads\/2025\/08\/DSC03351-HDR-1-768x512.jpg 768w, https:\/\/hossoland.pl\/wp-content\/uploads\/2025\/08\/DSC03351-HDR-1-1536x1024.jpg 1536w, https:\/\/hossoland.pl\/wp-content\/uploads\/2025\/08\/DSC03351-HDR-1-18x12.jpg 18w, https:\/\/hossoland.pl\/wp-content\/uploads\/2025\/08\/DSC03351-HDR-1-600x400.jpg 600w\" sizes=\"(max-width: 1920px) 100vw, 1920px\" \/><\/a><div class=\"kafelek-header\"><div class=\"kafelek-tekst\"><h3 class=\"kafelek-tytul\"><a href=\"https:\/\/hossoland.pl\/en\/hotel\/hotel-new-skanpol\/\">Hotel New Skanpol<\/a><\/h3><\/div><div class=\"kafelek-przycisk\"><a href=\"https:\/\/hossoland.pl\/en\/hotel\/hotel-new-skanpol\/\" class=\"kafelek-szczegoly-button\" target=\"_blank\">Details<\/a><\/div><\/div><\/div><\/div><\/p>\t\t\t\t\t\t\t\t<\/div>\n\t\t\t\t<\/div>\n\t\t\t\t<\/div>\n\t\t\t\t<\/div>","protected":false},"excerpt":{"rendered":"<p>Accommodation<\/p>","protected":false},"author":2,"featured_media":371,"parent":0,"menu_order":0,"comment_status":"closed","ping_status":"closed","template":"elementor_header_footer","meta":{"footnotes":""},"class_list":["post-123601","page","type-page","status-publish","has-post-thumbnail","hentry"],"acf":[],"yoast_head":"<!-- This site is optimized with the Yoast SEO Premium plugin v23.8 (Yoast SEO v27.3) - https:\/\/yoast.com\/product\/yoast-seo-premium-wordpress\/ -->\n<title>Noclegi - HOSSOLAND - Nieziemski park rozrywki<\/title>\n<meta name=\"description\" content=\"Od emocjonuj\u0105cych rollercoaster\u00f3w po rodzinne karuzele i strefy relaksu \u2014 u nas ka\u017cdy znajdzie co\u015b dla siebie! Sprawd\u017a wszystkie atrakcje!\" \/>\n<meta name=\"robots\" content=\"index, follow, max-snippet:-1, max-image-preview:large, max-video-preview:-1\" \/>\n<link rel=\"canonical\" href=\"https:\/\/hossoland.pl\/en\/noclegi\/\" \/>\n<meta property=\"og:locale\" content=\"en_GB\" \/>\n<meta property=\"og:type\" content=\"article\" \/>\n<meta property=\"og:title\" content=\"Noclegi\" \/>\n<meta property=\"og:description\" content=\"Od emocjonuj\u0105cych rollercoaster\u00f3w po rodzinne karuzele i strefy relaksu \u2014 u nas ka\u017cdy znajdzie co\u015b dla siebie! Sprawd\u017a wszystkie atrakcje!\" \/>\n<meta property=\"og:url\" content=\"https:\/\/hossoland.pl\/en\/noclegi\/\" \/>\n<meta property=\"og:site_name\" content=\"HOSSOLAND - Nieziemski park rozrywki\" \/>\n<meta property=\"article:modified_time\" content=\"2025-08-14T10:29:47+00:00\" \/>\n<meta property=\"og:image\" content=\"https:\/\/hossoland.pl\/wp-content\/uploads\/2025\/04\/6d6875fb3cae50f218e5769e1038c1cd.jpg\" \/>\n\t<meta property=\"og:image:width\" content=\"1920\" \/>\n\t<meta property=\"og:image:height\" content=\"921\" \/>\n\t<meta property=\"og:image:type\" content=\"image\/jpeg\" \/>\n<meta name=\"twitter:card\" content=\"summary_large_image\" \/>\n<meta name=\"twitter:label1\" content=\"Estimated reading time\" \/>\n\t<meta name=\"twitter:data1\" content=\"1 minute\" \/>\n<script type=\"application\/ld+json\" class=\"yoast-schema-graph\">{\"@context\":\"https:\\\/\\\/schema.org\",\"@graph\":[{\"@type\":\"WebPage\",\"@id\":\"https:\\\/\\\/hossoland.pl\\\/noclegi\\\/\",\"url\":\"https:\\\/\\\/hossoland.pl\\\/noclegi\\\/\",\"name\":\"Noclegi - HOSSOLAND - Nieziemski park rozrywki\",\"isPartOf\":{\"@id\":\"https:\\\/\\\/hossoland.pl\\\/#website\"},\"primaryImageOfPage\":{\"@id\":\"https:\\\/\\\/hossoland.pl\\\/noclegi\\\/#primaryimage\"},\"image\":{\"@id\":\"https:\\\/\\\/hossoland.pl\\\/noclegi\\\/#primaryimage\"},\"thumbnailUrl\":\"https:\\\/\\\/hossoland.pl\\\/wp-content\\\/uploads\\\/2025\\\/04\\\/6d6875fb3cae50f218e5769e1038c1cd.jpg\",\"datePublished\":\"2025-08-05T06:58:13+00:00\",\"dateModified\":\"2025-08-14T10:29:47+00:00\",\"description\":\"Od emocjonuj\u0105cych rollercoaster\u00f3w po rodzinne karuzele i strefy relaksu \u2014 u nas ka\u017cdy znajdzie co\u015b dla siebie! Sprawd\u017a wszystkie atrakcje!\",\"breadcrumb\":{\"@id\":\"https:\\\/\\\/hossoland.pl\\\/noclegi\\\/#breadcrumb\"},\"inLanguage\":\"en-GB\",\"potentialAction\":[{\"@type\":\"ReadAction\",\"target\":[\"https:\\\/\\\/hossoland.pl\\\/noclegi\\\/\"]}]},{\"@type\":\"ImageObject\",\"inLanguage\":\"en-GB\",\"@id\":\"https:\\\/\\\/hossoland.pl\\\/noclegi\\\/#primaryimage\",\"url\":\"https:\\\/\\\/hossoland.pl\\\/wp-content\\\/uploads\\\/2025\\\/04\\\/6d6875fb3cae50f218e5769e1038c1cd.jpg\",\"contentUrl\":\"https:\\\/\\\/hossoland.pl\\\/wp-content\\\/uploads\\\/2025\\\/04\\\/6d6875fb3cae50f218e5769e1038c1cd.jpg\",\"width\":1920,\"height\":921},{\"@type\":\"BreadcrumbList\",\"@id\":\"https:\\\/\\\/hossoland.pl\\\/noclegi\\\/#breadcrumb\",\"itemListElement\":[{\"@type\":\"ListItem\",\"position\":1,\"name\":\"Strona g\u0142\u00f3wna\",\"item\":\"https:\\\/\\\/hossoland.pl\\\/\"},{\"@type\":\"ListItem\",\"position\":2,\"name\":\"Noclegi\"}]},{\"@type\":\"WebSite\",\"@id\":\"https:\\\/\\\/hossoland.pl\\\/#website\",\"url\":\"https:\\\/\\\/hossoland.pl\\\/\",\"name\":\"HOSSOLAND - Nieziemski park rozrywki\",\"description\":\"Nieziemski park rozrywki\",\"potentialAction\":[{\"@type\":\"SearchAction\",\"target\":{\"@type\":\"EntryPoint\",\"urlTemplate\":\"https:\\\/\\\/hossoland.pl\\\/?s={search_term_string}\"},\"query-input\":{\"@type\":\"PropertyValueSpecification\",\"valueRequired\":true,\"valueName\":\"search_term_string\"}}],\"inLanguage\":\"en-GB\"}]}<\/script>\n<!-- \/ Yoast SEO Premium plugin. -->","yoast_head_json":{"title":"Noclegi - HOSSOLAND - Nieziemski park rozrywki","description":"Od emocjonuj\u0105cych rollercoaster\u00f3w po rodzinne karuzele i strefy relaksu \u2014 u nas ka\u017cdy znajdzie co\u015b dla siebie! Sprawd\u017a wszystkie atrakcje!","robots":{"index":"index","follow":"follow","max-snippet":"max-snippet:-1","max-image-preview":"max-image-preview:large","max-video-preview":"max-video-preview:-1"},"canonical":"https:\/\/hossoland.pl\/en\/noclegi\/","og_locale":"en_GB","og_type":"article","og_title":"Noclegi","og_description":"Od emocjonuj\u0105cych rollercoaster\u00f3w po rodzinne karuzele i strefy relaksu \u2014 u nas ka\u017cdy znajdzie co\u015b dla siebie! Sprawd\u017a wszystkie atrakcje!","og_url":"https:\/\/hossoland.pl\/en\/noclegi\/","og_site_name":"HOSSOLAND - Nieziemski park rozrywki","article_modified_time":"2025-08-14T10:29:47+00:00","og_image":[{"width":1920,"height":921,"url":"https:\/\/hossoland.pl\/wp-content\/uploads\/2025\/04\/6d6875fb3cae50f218e5769e1038c1cd.jpg","type":"image\/jpeg"}],"twitter_card":"summary_large_image","twitter_misc":{"Estimated reading time":"1 minute"},"schema":{"@context":"https:\/\/schema.org","@graph":[{"@type":"WebPage","@id":"https:\/\/hossoland.pl\/noclegi\/","url":"https:\/\/hossoland.pl\/noclegi\/","name":"Noclegi - HOSSOLAND - Nieziemski park rozrywki","isPartOf":{"@id":"https:\/\/hossoland.pl\/#website"},"primaryImageOfPage":{"@id":"https:\/\/hossoland.pl\/noclegi\/#primaryimage"},"image":{"@id":"https:\/\/hossoland.pl\/noclegi\/#primaryimage"},"thumbnailUrl":"https:\/\/hossoland.pl\/wp-content\/uploads\/2025\/04\/6d6875fb3cae50f218e5769e1038c1cd.jpg","datePublished":"2025-08-05T06:58:13+00:00","dateModified":"2025-08-14T10:29:47+00:00","description":"Od emocjonuj\u0105cych rollercoaster\u00f3w po rodzinne karuzele i strefy relaksu \u2014 u nas ka\u017cdy znajdzie co\u015b dla siebie! Sprawd\u017a wszystkie atrakcje!","breadcrumb":{"@id":"https:\/\/hossoland.pl\/noclegi\/#breadcrumb"},"inLanguage":"en-GB","potentialAction":[{"@type":"ReadAction","target":["https:\/\/hossoland.pl\/noclegi\/"]}]},{"@type":"ImageObject","inLanguage":"en-GB","@id":"https:\/\/hossoland.pl\/noclegi\/#primaryimage","url":"https:\/\/hossoland.pl\/wp-content\/uploads\/2025\/04\/6d6875fb3cae50f218e5769e1038c1cd.jpg","contentUrl":"https:\/\/hossoland.pl\/wp-content\/uploads\/2025\/04\/6d6875fb3cae50f218e5769e1038c1cd.jpg","width":1920,"height":921},{"@type":"BreadcrumbList","@id":"https:\/\/hossoland.pl\/noclegi\/#breadcrumb","itemListElement":[{"@type":"ListItem","position":1,"name":"Strona g\u0142\u00f3wna","item":"https:\/\/hossoland.pl\/"},{"@type":"ListItem","position":2,"name":"Noclegi"}]},{"@type":"WebSite","@id":"https:\/\/hossoland.pl\/#website","url":"https:\/\/hossoland.pl\/","name":"HOSSOLAND - An unearthly theme park","description":"An unearthly theme park","potentialAction":[{"@type":"SearchAction","target":{"@type":"EntryPoint","urlTemplate":"https:\/\/hossoland.pl\/?s={search_term_string}"},"query-input":{"@type":"PropertyValueSpecification","valueRequired":true,"valueName":"search_term_string"}}],"inLanguage":"en-GB"}]}},"_links":{"self":[{"href":"https:\/\/hossoland.pl\/en\/wp-json\/wp\/v2\/pages\/123601","targetHints":{"allow":["GET"]}}],"collection":[{"href":"https:\/\/hossoland.pl\/en\/wp-json\/wp\/v2\/pages"}],"about":[{"href":"https:\/\/hossoland.pl\/en\/wp-json\/wp\/v2\/types\/page"}],"author":[{"embeddable":true,"href":"https:\/\/hossoland.pl\/en\/wp-json\/wp\/v2\/users\/2"}],"replies":[{"embeddable":true,"href":"https:\/\/hossoland.pl\/en\/wp-json\/wp\/v2\/comments?post=123601"}],"version-history":[{"count":13,"href":"https:\/\/hossoland.pl\/en\/wp-json\/wp\/v2\/pages\/123601\/revisions"}],"predecessor-version":[{"id":152673,"href":"https:\/\/hossoland.pl\/en\/wp-json\/wp\/v2\/pages\/123601\/revisions\/152673"}],"wp:featuredmedia":[{"embeddable":true,"href":"https:\/\/hossoland.pl\/en\/wp-json\/wp\/v2\/media\/371"}],"wp:attachment":[{"href":"https:\/\/hossoland.pl\/en\/wp-json\/wp\/v2\/media?parent=123601"}],"curies":[{"name":"wp","href":"https:\/\/api.w.org\/{rel}","templated":true}]}}