{"id":9,"date":"2025-04-02T21:35:24","date_gmt":"2025-04-02T19:35:24","guid":{"rendered":"http:\/\/hossoland.bluhost.pl\/?page_id=9"},"modified":"2025-07-02T08:55:25","modified_gmt":"2025-07-02T06:55:25","slug":"dojazd","status":"publish","type":"page","link":"https:\/\/hossoland.pl\/de\/dojazd\/","title":{"rendered":"Zugang"},"content":{"rendered":"<div data-elementor-type=\"wp-page\" data-elementor-id=\"9\" class=\"elementor elementor-9\" data-elementor-post-type=\"page\">\n\t\t\t\t<div class=\"elementor-element elementor-element-5a74448 e-con-full kontener e-flex e-con e-parent\" data-id=\"5a74448\" data-element_type=\"container\" data-e-type=\"container\">\n\t\t\t\t<div class=\"elementor-element elementor-element-bb23f42 orange-font rozmiar58 elementor-widget__width-inherit elementor-widget elementor-widget-heading\" data-id=\"bb23f42\" data-element_type=\"widget\" data-e-type=\"widget\" id=\"szczegoly\" data-widget_type=\"heading.default\">\n\t\t\t\t<div class=\"elementor-widget-container\">\n\t\t\t\t\t<h2 class=\"elementor-heading-title elementor-size-default\">Wie man dorthin kommt<\/h2>\t\t\t\t<\/div>\n\t\t\t\t<\/div>\n\t\t\t\t<div class=\"elementor-element elementor-element-9205b19 elementor-widget__width-initial elementor-widget-tablet__width-inherit elementor-widget elementor-widget-google_maps\" data-id=\"9205b19\" data-element_type=\"widget\" data-e-type=\"widget\" data-widget_type=\"google_maps.default\">\n\t\t\t\t<div class=\"elementor-widget-container\">\n\t\t\t\t\t\t\t<div class=\"elementor-custom-embed\">\n\t\t\t<iframe loading=\"lazy\"\n\t\t\t\t\tsrc=\"https:\/\/maps.google.com\/maps?q=hossoland&#038;t=m&#038;z=10&#038;output=embed&#038;iwloc=near\"\n\t\t\t\t\ttitle=\"Hossoland\"\n\t\t\t\t\taria-label=\"Hossoland\"\n\t\t\t><\/iframe>\n\t\t<\/div>\n\t\t\t\t\t\t<\/div>\n\t\t\t\t<\/div>\n\t\t<div class=\"elementor-element elementor-element-1b53fcd e-con-full e-flex e-con e-child\" data-id=\"1b53fcd\" data-element_type=\"container\" data-e-type=\"container\">\n\t\t\t\t<div class=\"elementor-element elementor-element-56062d1 elementor-widget__width-inherit rozmiar16 elementor-widget elementor-widget-text-editor\" data-id=\"56062d1\" data-element_type=\"widget\" data-e-type=\"widget\" data-widget_type=\"text-editor.default\">\n\t\t\t\t<div class=\"elementor-widget-container\">\n\t\t\t\t\t\t\t\t\t<p>Hossoland liegt direkt an der Schnellstra\u00dfe S6, zwischen Brojce und Kielpin, nicht weit von der Ostseek\u00fcste entfernt. Es ist einfach und bequem zu erreichen, egal von welchem Teil Polens aus man losf\u00e4hrt. Es ist der gr\u00f6\u00dfte Vergn\u00fcgungspark in Nordpolen - nur etwa ein Dutzend Kilometer vom Meer entfernt, der perfekte Ort f\u00fcr einen unvergesslichen Ausflug oder ein Highlight Ihres Ostseeurlaubs.<\/p>\t\t\t\t\t\t\t\t<\/div>\n\t\t\t\t<\/div>\n\t\t\t\t<div class=\"elementor-element elementor-element-22757ab elementor-align-left button elementor-widget elementor-widget-button\" data-id=\"22757ab\" data-element_type=\"widget\" data-e-type=\"widget\" data-widget_type=\"button.default\">\n\t\t\t\t<div class=\"elementor-widget-container\">\n\t\t\t\t\t\t\t\t\t<div class=\"elementor-button-wrapper\">\n\t\t\t\t\t<a class=\"elementor-button elementor-button-link elementor-size-sm\" href=\"https:\/\/maps.app.goo.gl\/i4VemKAySzSzKQTWA\" target=\"_blank\" rel=\"nofollow\">\n\t\t\t\t\t\t<span class=\"elementor-button-content-wrapper\">\n\t\t\t\t\t\t<span class=\"elementor-button-icon\">\n\t\t\t\t<svg aria-hidden=\"true\" class=\"e-font-icon-svg e-fas-map-marker-alt\" viewbox=\"0 0 384 512\" xmlns=\"http:\/\/www.w3.org\/2000\/svg\"><path d=\"M172.268 501.67C26.97 291.031 0 269.413 0 192 0 85.961 85.961 0 192 0s192 85.961 192 192c0 77.413-26.97 99.031-172.268 309.67-9.535 13.774-29.93 13.773-39.464 0zM192 272c44.183 0 80-35.817 80-80s-35.817-80-80-80-80 35.817-80 80 35.817 80 80 80z\"><\/path><\/svg>\t\t\t<\/span>\n\t\t\t\t\t\t\t\t\t<span class=\"elementor-button-text\">Bestimmen Sie die Route<\/span>\n\t\t\t\t\t<\/span>\n\t\t\t\t\t<\/a>\n\t\t\t\t<\/div>\n\t\t\t\t\t\t\t\t<\/div>\n\t\t\t\t<\/div>\n\t\t\t\t<\/div>\n\t\t\t\t<\/div>\n\t\t<div class=\"elementor-element elementor-element-38b9096 e-con-full kontener elementor-hidden-desktop elementor-hidden-tablet elementor-hidden-mobile e-flex e-con e-parent\" data-id=\"38b9096\" data-element_type=\"container\" data-e-type=\"container\">\n\t\t\t\t<div class=\"elementor-element elementor-element-ffee1f6 orange-font rozmiar58 elementor-widget elementor-widget-heading\" data-id=\"ffee1f6\" data-element_type=\"widget\" data-e-type=\"widget\" data-widget_type=\"heading.default\">\n\t\t\t\t<div class=\"elementor-widget-container\">\n\t\t\t\t\t<h2 class=\"elementor-heading-title elementor-size-default\">Nachrichten<\/h2>\t\t\t\t<\/div>\n\t\t\t\t<\/div>\n\t\t\t\t<div class=\"elementor-element elementor-element-2cf894f elementor-widget elementor-widget-shortcode\" data-id=\"2cf894f\" data-element_type=\"widget\" data-e-type=\"widget\" id=\"aktualnosci\" data-widget_type=\"shortcode.default\">\n\t\t\t\t<div class=\"elementor-widget-container\">\n\t\t\t\t\t\t\t<div class=\"elementor-shortcode\">    <link rel=\"stylesheet\" href=\"https:\/\/cdn.jsdelivr.net\/npm\/swiper@9\/swiper-bundle.min.css\" \/>\n    <div class=\"acf-galeria-navigation atrakcje-nav\">\n        <div class=\"swiper-button-prev atrakcje-prev\"><\/div>\n        <div class=\"swiper-button-next atrakcje-next\"><\/div>\n    <\/div>\n\n    <div class=\"swiper acf-galeria-swiper-atrakcje\">\n        <div class=\"swiper-wrapper\">\n                                <div class=\"swiper-slide\">\n                        <a href=\"https:\/\/hossoland.pl\/de\/znizka-dla-20-pierwszych-osob\/\" class=\"acf-galeria-slide-link\">\n                            <img decoding=\"async\" src=\"https:\/\/hossoland.pl\/wp-content\/uploads\/2025\/04\/Entrance_Render-a-1024x491.jpg\" alt=\"Zni\u017cka dla 20 pierwszych os\u00f3b!\" \/>\n                            <div class=\"acf-galeria-title\">Rabatt f\u00fcr die ersten 20 Personen!<\/div>\n                                                    <\/a>\n                    <\/div>\n                        <\/div>\n    <\/div>\n\n    <script src=\"https:\/\/cdn.jsdelivr.net\/npm\/swiper@9\/swiper-bundle.min.js\"><\/script>\n    <script>\n    document.addEventListener('DOMContentLoaded', function () {\n        const isMobile = window.innerWidth <= 768;\n\n        new Swiper('.acf-galeria-swiper-atrakcje', {\n            loop: true,\n            autoplay: isMobile ? {\n                delay: 3000,\n                disableOnInteraction: false,\n            } : false,\n            navigation: {\n                nextEl: '.atrakcje-next',\n                prevEl: '.atrakcje-prev',\n            },\n        });\n    });\n    <\/script>\n    \n<\/div>\n\t\t\t\t\t\t<\/div>\n\t\t\t\t<\/div>\n\t\t\t\t<div class=\"elementor-element elementor-element-e93b26f button elementor-widget elementor-widget-button\" data-id=\"e93b26f\" data-element_type=\"widget\" data-e-type=\"widget\" data-widget_type=\"button.default\">\n\t\t\t\t<div class=\"elementor-widget-container\">\n\t\t\t\t\t\t\t\t\t<div class=\"elementor-button-wrapper\">\n\t\t\t\t\t<a class=\"elementor-button elementor-button-link elementor-size-sm\" href=\"https:\/\/hossoland.pl\/de\/category\/aktualnosci\/\">\n\t\t\t\t\t\t<span class=\"elementor-button-content-wrapper\">\n\t\t\t\t\t\t\t\t\t<span class=\"elementor-button-text\">Mehr sehen<\/span>\n\t\t\t\t\t<\/span>\n\t\t\t\t\t<\/a>\n\t\t\t\t<\/div>\n\t\t\t\t\t\t\t\t<\/div>\n\t\t\t\t<\/div>\n\t\t\t\t<\/div>\n\t\t\t\t<\/div>","protected":false},"excerpt":{"rendered":"<p>Jak dojecha\u0107 Hossoland znajduje si\u0119 tu\u017c przy drodze ekspresowej S6, pomi\u0119dzy Brojcami a Kie\u0142pinem, niedaleko wybrze\u017ca Ba\u0142tyku. Dojazd jest prosty i wygodny, niezale\u017cnie z kt\u00f3rej cz\u0119\u015bci Polski wyruszasz. To najwi\u0119kszy [&hellip;]<\/p>\n","protected":false},"author":1,"featured_media":521,"parent":0,"menu_order":0,"comment_status":"closed","ping_status":"closed","template":"elementor_header_footer","meta":{"footnotes":""},"class_list":["post-9","page","type-page","status-publish","has-post-thumbnail","hentry"],"acf":[],"yoast_head":"<!-- This site is optimized with the Yoast SEO Premium plugin v23.8 (Yoast SEO v27.3) - https:\/\/yoast.com\/product\/yoast-seo-premium-wordpress\/ -->\n<title>Dojazd - HOSSOLAND - Nieziemski park rozrywki<\/title>\n<meta name=\"robots\" content=\"index, follow, max-snippet:-1, max-image-preview:large, max-video-preview:-1\" \/>\n<link rel=\"canonical\" href=\"https:\/\/hossoland.pl\/de\/dojazd\/\" \/>\n<meta property=\"og:locale\" content=\"de_DE\" \/>\n<meta property=\"og:type\" content=\"article\" \/>\n<meta property=\"og:title\" content=\"Dojazd\" \/>\n<meta property=\"og:description\" content=\"Jak dojecha\u0107 Hossoland znajduje si\u0119 tu\u017c przy drodze ekspresowej S6, pomi\u0119dzy Brojcami a Kie\u0142pinem, niedaleko wybrze\u017ca Ba\u0142tyku. Dojazd jest prosty i wygodny, niezale\u017cnie z kt\u00f3rej cz\u0119\u015bci Polski wyruszasz. To najwi\u0119kszy [&hellip;]\" \/>\n<meta property=\"og:url\" content=\"https:\/\/hossoland.pl\/de\/dojazd\/\" \/>\n<meta property=\"og:site_name\" content=\"HOSSOLAND - Nieziemski park rozrywki\" \/>\n<meta property=\"article:modified_time\" content=\"2025-07-02T06:55:25+00:00\" \/>\n<meta property=\"og:image\" content=\"https:\/\/hossoland.pl\/wp-content\/uploads\/2025\/04\/Lighthouse_Syrenka_Render@2x-1-scaled.jpg\" \/>\n\t<meta property=\"og:image:width\" content=\"2560\" \/>\n\t<meta property=\"og:image:height\" content=\"1228\" \/>\n\t<meta property=\"og:image:type\" content=\"image\/jpeg\" \/>\n<meta name=\"twitter:card\" content=\"summary_large_image\" \/>\n<meta name=\"twitter:label1\" content=\"Gesch\u00e4tzte Lesezeit\" \/>\n\t<meta name=\"twitter:data1\" content=\"1\u00a0Minute\" \/>\n<script type=\"application\/ld+json\" class=\"yoast-schema-graph\">{\"@context\":\"https:\\\/\\\/schema.org\",\"@graph\":[{\"@type\":\"WebPage\",\"@id\":\"https:\\\/\\\/hossoland.pl\\\/dojazd\\\/\",\"url\":\"https:\\\/\\\/hossoland.pl\\\/dojazd\\\/\",\"name\":\"Dojazd - HOSSOLAND - Nieziemski park rozrywki\",\"isPartOf\":{\"@id\":\"https:\\\/\\\/hossoland.pl\\\/#website\"},\"primaryImageOfPage\":{\"@id\":\"https:\\\/\\\/hossoland.pl\\\/dojazd\\\/#primaryimage\"},\"image\":{\"@id\":\"https:\\\/\\\/hossoland.pl\\\/dojazd\\\/#primaryimage\"},\"thumbnailUrl\":\"https:\\\/\\\/hossoland.pl\\\/wp-content\\\/uploads\\\/2025\\\/04\\\/Lighthouse_Syrenka_Render@2x-1-scaled.jpg\",\"datePublished\":\"2025-04-02T19:35:24+00:00\",\"dateModified\":\"2025-07-02T06:55:25+00:00\",\"breadcrumb\":{\"@id\":\"https:\\\/\\\/hossoland.pl\\\/dojazd\\\/#breadcrumb\"},\"inLanguage\":\"de\",\"potentialAction\":[{\"@type\":\"ReadAction\",\"target\":[\"https:\\\/\\\/hossoland.pl\\\/dojazd\\\/\"]}]},{\"@type\":\"ImageObject\",\"inLanguage\":\"de\",\"@id\":\"https:\\\/\\\/hossoland.pl\\\/dojazd\\\/#primaryimage\",\"url\":\"https:\\\/\\\/hossoland.pl\\\/wp-content\\\/uploads\\\/2025\\\/04\\\/Lighthouse_Syrenka_Render@2x-1-scaled.jpg\",\"contentUrl\":\"https:\\\/\\\/hossoland.pl\\\/wp-content\\\/uploads\\\/2025\\\/04\\\/Lighthouse_Syrenka_Render@2x-1-scaled.jpg\",\"width\":2560,\"height\":1228},{\"@type\":\"BreadcrumbList\",\"@id\":\"https:\\\/\\\/hossoland.pl\\\/dojazd\\\/#breadcrumb\",\"itemListElement\":[{\"@type\":\"ListItem\",\"position\":1,\"name\":\"Strona g\u0142\u00f3wna\",\"item\":\"https:\\\/\\\/hossoland.pl\\\/\"},{\"@type\":\"ListItem\",\"position\":2,\"name\":\"Dojazd\"}]},{\"@type\":\"WebSite\",\"@id\":\"https:\\\/\\\/hossoland.pl\\\/#website\",\"url\":\"https:\\\/\\\/hossoland.pl\\\/\",\"name\":\"HOSSOLAND - Nieziemski park rozrywki\",\"description\":\"Nieziemski park rozrywki\",\"potentialAction\":[{\"@type\":\"SearchAction\",\"target\":{\"@type\":\"EntryPoint\",\"urlTemplate\":\"https:\\\/\\\/hossoland.pl\\\/?s={search_term_string}\"},\"query-input\":{\"@type\":\"PropertyValueSpecification\",\"valueRequired\":true,\"valueName\":\"search_term_string\"}}],\"inLanguage\":\"de\"}]}<\/script>\n<!-- \/ Yoast SEO Premium plugin. -->","yoast_head_json":{"title":"Dojazd - HOSSOLAND - Nieziemski park rozrywki","robots":{"index":"index","follow":"follow","max-snippet":"max-snippet:-1","max-image-preview":"max-image-preview:large","max-video-preview":"max-video-preview:-1"},"canonical":"https:\/\/hossoland.pl\/de\/dojazd\/","og_locale":"de_DE","og_type":"article","og_title":"Dojazd","og_description":"Jak dojecha\u0107 Hossoland znajduje si\u0119 tu\u017c przy drodze ekspresowej S6, pomi\u0119dzy Brojcami a Kie\u0142pinem, niedaleko wybrze\u017ca Ba\u0142tyku. Dojazd jest prosty i wygodny, niezale\u017cnie z kt\u00f3rej cz\u0119\u015bci Polski wyruszasz. To najwi\u0119kszy [&hellip;]","og_url":"https:\/\/hossoland.pl\/de\/dojazd\/","og_site_name":"HOSSOLAND - Nieziemski park rozrywki","article_modified_time":"2025-07-02T06:55:25+00:00","og_image":[{"width":2560,"height":1228,"url":"https:\/\/hossoland.pl\/wp-content\/uploads\/2025\/04\/Lighthouse_Syrenka_Render@2x-1-scaled.jpg","type":"image\/jpeg"}],"twitter_card":"summary_large_image","twitter_misc":{"Gesch\u00e4tzte Lesezeit":"1\u00a0Minute"},"schema":{"@context":"https:\/\/schema.org","@graph":[{"@type":"WebPage","@id":"https:\/\/hossoland.pl\/dojazd\/","url":"https:\/\/hossoland.pl\/dojazd\/","name":"Dojazd - HOSSOLAND - Nieziemski park rozrywki","isPartOf":{"@id":"https:\/\/hossoland.pl\/#website"},"primaryImageOfPage":{"@id":"https:\/\/hossoland.pl\/dojazd\/#primaryimage"},"image":{"@id":"https:\/\/hossoland.pl\/dojazd\/#primaryimage"},"thumbnailUrl":"https:\/\/hossoland.pl\/wp-content\/uploads\/2025\/04\/Lighthouse_Syrenka_Render@2x-1-scaled.jpg","datePublished":"2025-04-02T19:35:24+00:00","dateModified":"2025-07-02T06:55:25+00:00","breadcrumb":{"@id":"https:\/\/hossoland.pl\/dojazd\/#breadcrumb"},"inLanguage":"de","potentialAction":[{"@type":"ReadAction","target":["https:\/\/hossoland.pl\/dojazd\/"]}]},{"@type":"ImageObject","inLanguage":"de","@id":"https:\/\/hossoland.pl\/dojazd\/#primaryimage","url":"https:\/\/hossoland.pl\/wp-content\/uploads\/2025\/04\/Lighthouse_Syrenka_Render@2x-1-scaled.jpg","contentUrl":"https:\/\/hossoland.pl\/wp-content\/uploads\/2025\/04\/Lighthouse_Syrenka_Render@2x-1-scaled.jpg","width":2560,"height":1228},{"@type":"BreadcrumbList","@id":"https:\/\/hossoland.pl\/dojazd\/#breadcrumb","itemListElement":[{"@type":"ListItem","position":1,"name":"Strona g\u0142\u00f3wna","item":"https:\/\/hossoland.pl\/"},{"@type":"ListItem","position":2,"name":"Dojazd"}]},{"@type":"WebSite","@id":"https:\/\/hossoland.pl\/#website","url":"https:\/\/hossoland.pl\/","name":"HOSSOLAND - Ein unheimlicher Freizeitpark","description":"Ein unheimlicher Themenpark","potentialAction":[{"@type":"SearchAction","target":{"@type":"EntryPoint","urlTemplate":"https:\/\/hossoland.pl\/?s={search_term_string}"},"query-input":{"@type":"PropertyValueSpecification","valueRequired":true,"valueName":"search_term_string"}}],"inLanguage":"de"}]}},"_links":{"self":[{"href":"https:\/\/hossoland.pl\/de\/wp-json\/wp\/v2\/pages\/9","targetHints":{"allow":["GET"]}}],"collection":[{"href":"https:\/\/hossoland.pl\/de\/wp-json\/wp\/v2\/pages"}],"about":[{"href":"https:\/\/hossoland.pl\/de\/wp-json\/wp\/v2\/types\/page"}],"author":[{"embeddable":true,"href":"https:\/\/hossoland.pl\/de\/wp-json\/wp\/v2\/users\/1"}],"replies":[{"embeddable":true,"href":"https:\/\/hossoland.pl\/de\/wp-json\/wp\/v2\/comments?post=9"}],"version-history":[{"count":122,"href":"https:\/\/hossoland.pl\/de\/wp-json\/wp\/v2\/pages\/9\/revisions"}],"predecessor-version":[{"id":27930,"href":"https:\/\/hossoland.pl\/de\/wp-json\/wp\/v2\/pages\/9\/revisions\/27930"}],"wp:featuredmedia":[{"embeddable":true,"href":"https:\/\/hossoland.pl\/de\/wp-json\/wp\/v2\/media\/521"}],"wp:attachment":[{"href":"https:\/\/hossoland.pl\/de\/wp-json\/wp\/v2\/media?parent=9"}],"curies":[{"name":"wp","href":"https:\/\/api.w.org\/{rel}","templated":true}]}}