{"id":201975,"date":"2026-04-27T14:48:24","date_gmt":"2026-04-27T12:48:24","guid":{"rendered":"https:\/\/hossoland.pl\/?page_id=201975"},"modified":"2026-04-27T14:56:11","modified_gmt":"2026-04-27T12:56:11","slug":"warunki-majowka-z-wikingami","status":"publish","type":"page","link":"https:\/\/hossoland.pl\/de\/warunki-majowka-z-wikingami\/","title":{"rendered":"Warunki \u201eMaj\u00f3wka z Wikingami\u201d"},"content":{"rendered":"<div data-elementor-type=\"wp-page\" data-elementor-id=\"201975\" class=\"elementor elementor-201975\" data-elementor-post-type=\"page\">\n\t\t\t\t<div class=\"elementor-element elementor-element-e86ddf2 e-flex e-con-boxed e-con e-parent\" data-id=\"e86ddf2\" data-element_type=\"container\" data-e-type=\"container\">\n\t\t\t\t\t<div class=\"e-con-inner\">\n\t\t\t\t<div class=\"elementor-element elementor-element-5fdc64be elementor-widget elementor-widget-text-editor\" data-id=\"5fdc64be\" data-element_type=\"widget\" data-e-type=\"widget\" data-widget_type=\"text-editor.default\">\n\t\t\t\t<div class=\"elementor-widget-container\">\n\t\t\t\t\t\t\t\t\t<p align=\"center\"><b>Warunki Promocji \u201eMaj\u00f3wka z Wikingami\u201d<\/b><\/p><ol><li>Organizatorem promocji jest Hossoland Sp\u00f3\u0142ka z ograniczon\u0105 odpowiedzialno\u015bci\u0105, z siedzib\u0105 <br \/>w Szczecinie (70-535 Szczecin) przy ul. Ma\u0142a Odrza\u0144ska 19, KRS 0000673582, REGON 367051556, <br \/>NIP 8513206892, zwana dalej \u201eOrganizatorem\u201d. <\/li><li>Teilnehmer - eine Person, die die in \u00a7 2 der vorliegenden Aktionsbedingungen genannten Kriterien erf\u00fcllt.<\/li><li>Promocja \u2013 opisana promocja organizowana jest pod nazw\u0105: &#8222;Maj\u00f3wka z Wikingami\u201d.<\/li><li>Promocja dotyczy bilet\u00f3w zakupionych online w dniach od 28 kwietnia do 3 maja 2026 r. do godz. 23:59. Organizator zastrzega sobie prawo do zmiany terminu jej obowi\u0105zywania.<\/li><li>Na podstawie tej promocji mo\u017cna zakupi\u0107 bilety wst\u0119pu w formie elektronicznej do Parku Rozrywki Hossoland.<\/li><li>Die Aktion ist nicht mit anderen Rabatten und Nachl\u00e4ssen kombinierbar.<\/li><li>Bilety obj\u0119te promocj\u0105 zakupione przez stron\u0119 internetow\u0105 zostan\u0105 wys\u0142ane na adres mailowy Uczestnika wskazany przez niego w zam\u00f3wieniu.<\/li><li>Organizator zastrzega sobie prawo do zmiany warunk\u00f3w promocji, odwo\u0142ania jej lub wprowadzenia zmian <br \/>w regulaminie.<\/li><\/ol><p align=\"center\"><b>\u00a71 ALLGEMEINE BESTIMMUNGEN<\/b><\/p><ol><li>Organizatorem promocji jest Hossoland Sp\u00f3\u0142ka z ograniczon\u0105 odpowiedzialno\u015bci\u0105 z siedzib\u0105 <br \/>w Szczecinie (70-535 Szczecin), przy ul. Ma\u0142a Odrza\u0144ska 19, wpisana do rejestru przedsi\u0119biorc\u00f3w KRS pod numerem: 0000673582, REGON: 367051556, NIP: 8513206892, zwana dalej \u201eOrganizatorem\u201d.<\/li><li>Teilnehmer - eine Person, die die in \u00a72 der Aktionsbedingungen genannten Bedingungen erf\u00fcllt.<\/li><li>Allgemeine Gesch\u00e4ftsbedingungen - diese Gesch\u00e4ftsbedingungen f\u00fcr die Werbeaktion.<\/li><li>Promocja \u2013 niniejsza promocja organizowana pod nazw\u0105 \u201eMaj\u00f3wka z Wikingami\u201d.<\/li><li>Bilety obj\u0119te promocj\u0105 Uczestnik mo\u017ce zakupi\u0107 wy\u0142\u0105cznie na stronie internetowej www.hossoland.pl.<\/li><li>Promocja dotyczy wy\u0142\u0105cznie bilet\u00f3w zakupionych w formie elektronicznej na sezon niski, zgodnie <br \/>z kalendarzem otwarcia parku dost\u0119pnym na stronie internetowej Organizatora.<\/li><li>Aby skorzysta\u0107 z promocji nale\u017cy doda\u0107 do koszyka wybrane bilety. Zni\u017cka zostanie automatycznie naliczona na wszystkie bilety, z wyj\u0105tkiem biletu parkingowego.<\/li><li>Bilety zakupione w ramach promocji zostan\u0105 wys\u0142ane w formie elektronicznej na adres e-mail wskazany przez Uczestnika podczas sk\u0142adania zam\u00f3wienia.<\/li><li>Die Aktion ist nicht mit anderen Rabatten und Nachl\u00e4ssen kombinierbar.<\/li><li>Bilety promocyjne nie podlegaj\u0105 dalszej odsprzeda\u017cy, zamianie na inny typ biletu ani rozszerzeniu ich wa\u017cno\u015bci. Nie ma mo\u017cliwo\u015bci dop\u0142aty do innego rodzaju biletu.<\/li><li>Mit dem Kauf eines Promotionstickets erkl\u00e4rt sich der Teilnehmer mit diesen Aktionsbedingungen einverstanden.<\/li><\/ol><p align=\"center\"><b>\u00a72 BEDINGUNGEN F\u00dcR DIE TEILNAHME AN DER AKTION<\/b><\/p><ol><li>Die Aktion richtet sich nur an nat\u00fcrliche Personen, die Verbraucher im Sinne von Artikel 22 des Zivilgesetzbuches sind, ihren Wohnsitz auf dem Gebiet der Republik Polen haben und zum Zeitpunkt der Teilnahme an der Aktion mindestens 18 Jahre alt sind.<\/li><li>W celu skorzystania z promocji, Uczestnik zobowi\u0105zany jest do zakupu bilet\u00f3w obj\u0119tych promocj\u0105 na stronie internetowej Organizatora: www.hossoland.pl.<\/li><li>Mit der Teilnahme an der Werbeaktion best\u00e4tigt der Teilnehmer, dass er\/sie die Bedingungen der Werbeaktion gelesen hat, die Bedingungen akzeptiert und alle Kriterien f\u00fcr die Teilnahme an der Werbeaktion erf\u00fcllt.<\/li><\/ol><p align=\"center\"><b>\u00a73 SCHLUSSBESTIMMUNGEN<\/b><\/p><ol><li>Die Bedingungen f\u00fcr diese Aktion sind auf der Website des Veranstalters zu finden: www.hossoland.pl. <br \/>F\u00fcr Angelegenheiten, die nicht von den vorliegenden Bedingungen abgedeckt sind, gelten die Bestimmungen der Regeln und Vorschriften f\u00fcr den Online-Ticketverkauf, die auf der angegebenen Website verf\u00fcgbar sind.<\/li><li>Die im Rahmen dieser Aktion angebotenen Sonderfahrkarten k\u00f6nnen nicht in Raten gekauft werden. Aktionsfahrkarten k\u00f6nnen nur durch eine einmalige Zahlung des Gesamtbetrags f\u00fcr die Fahrkarte erworben werden.<\/li><li>Beschwerden im Zusammenhang mit der Werbeaktion m\u00fcssen innerhalb von 14 Tagen nach Ende der Werbeaktion schriftlich an die Adresse des eingetragenen Firmensitzes des Veranstalters oder per E-Mail an info@hossoland.pl gerichtet werden.<\/li><li>Organizator nie ponosi odpowiedzialno\u015bci za niedostarczenie biletu wynikaj\u0105ce z b\u0142\u0119dnie podanych danych kontaktowych przez Uczestnika.<\/li><li>Die Anzahl der Aktionskarten kann begrenzt sein. Wenn der Pool ersch\u00f6pft ist, kann die Aktion fr\u00fcher als geplant enden.<\/li><li>Der Veranstalter beh\u00e4lt sich das Recht vor, die Bedingungen der Aktion zu \u00e4ndern, sie abzubrechen oder die Bedingungen zu erg\u00e4nzen.<\/li><\/ol>\t\t\t\t\t\t\t\t<\/div>\n\t\t\t\t<\/div>\n\t\t\t\t\t<\/div>\n\t\t\t\t<\/div>\n\t\t\t\t<\/div>","protected":false},"excerpt":{"rendered":"<p>Warunki Promocji \u201eMaj\u00f3wka z Wikingami\u201d Organizatorem promocji jest Hossoland Sp\u00f3\u0142ka z ograniczon\u0105 odpowiedzialno\u015bci\u0105, z siedzib\u0105 w Szczecinie (70-535 Szczecin) przy ul. Ma\u0142a Odrza\u0144ska 19, KRS 0000673582, REGON 367051556, NIP 8513206892, [&hellip;]<\/p>\n","protected":false},"author":2,"featured_media":0,"parent":0,"menu_order":0,"comment_status":"closed","ping_status":"closed","template":"elementor_header_footer","meta":{"footnotes":""},"class_list":["post-201975","page","type-page","status-publish","hentry"],"acf":[],"yoast_head":"<!-- This site is optimized with the Yoast SEO Premium plugin v23.8 (Yoast SEO v27.3) - https:\/\/yoast.com\/product\/yoast-seo-premium-wordpress\/ -->\n<title>Warunki \u201eMaj\u00f3wka z Wikingami\u201d - HOSSOLAND - Nieziemski park rozrywki<\/title>\n<meta name=\"robots\" content=\"index, follow, max-snippet:-1, max-image-preview:large, max-video-preview:-1\" \/>\n<link rel=\"canonical\" href=\"https:\/\/hossoland.pl\/de\/warunki-majowka-z-wikingami\/\" \/>\n<meta property=\"og:locale\" content=\"de_DE\" \/>\n<meta property=\"og:type\" content=\"article\" \/>\n<meta property=\"og:title\" content=\"Warunki \u201eMaj\u00f3wka z Wikingami\u201d\" \/>\n<meta property=\"og:description\" content=\"Warunki Promocji \u201eMaj\u00f3wka z Wikingami\u201d Organizatorem promocji jest Hossoland Sp\u00f3\u0142ka z ograniczon\u0105 odpowiedzialno\u015bci\u0105, z siedzib\u0105 w Szczecinie (70-535 Szczecin) przy ul. Ma\u0142a Odrza\u0144ska 19, KRS 0000673582, REGON 367051556, NIP 8513206892, [&hellip;]\" \/>\n<meta property=\"og:url\" content=\"https:\/\/hossoland.pl\/de\/warunki-majowka-z-wikingami\/\" \/>\n<meta property=\"og:site_name\" content=\"HOSSOLAND - Nieziemski park rozrywki\" \/>\n<meta property=\"article:modified_time\" content=\"2026-04-27T12:56:11+00:00\" \/>\n<meta property=\"og:image\" content=\"https:\/\/hossoland.pl\/wp-content\/uploads\/2025\/06\/image-2025-06-25-17-06-27-883_xnc.webp\" \/>\n\t<meta property=\"og:image:width\" content=\"1920\" \/>\n\t<meta property=\"og:image:height\" content=\"1280\" \/>\n\t<meta property=\"og:image:type\" content=\"image\/webp\" \/>\n<meta name=\"twitter:card\" content=\"summary_large_image\" \/>\n<meta name=\"twitter:label1\" content=\"Gesch\u00e4tzte Lesezeit\" \/>\n\t<meta name=\"twitter:data1\" content=\"4\u00a0Minuten\" \/>\n<script type=\"application\/ld+json\" class=\"yoast-schema-graph\">{\"@context\":\"https:\\\/\\\/schema.org\",\"@graph\":[{\"@type\":\"WebPage\",\"@id\":\"https:\\\/\\\/hossoland.pl\\\/warunki-majowka-z-wikingami\\\/\",\"url\":\"https:\\\/\\\/hossoland.pl\\\/warunki-majowka-z-wikingami\\\/\",\"name\":\"Warunki \u201eMaj\u00f3wka z Wikingami\u201d - HOSSOLAND - Nieziemski park rozrywki\",\"isPartOf\":{\"@id\":\"https:\\\/\\\/hossoland.pl\\\/#website\"},\"datePublished\":\"2026-04-27T12:48:24+00:00\",\"dateModified\":\"2026-04-27T12:56:11+00:00\",\"breadcrumb\":{\"@id\":\"https:\\\/\\\/hossoland.pl\\\/warunki-majowka-z-wikingami\\\/#breadcrumb\"},\"inLanguage\":\"de\",\"potentialAction\":[{\"@type\":\"ReadAction\",\"target\":[\"https:\\\/\\\/hossoland.pl\\\/warunki-majowka-z-wikingami\\\/\"]}]},{\"@type\":\"BreadcrumbList\",\"@id\":\"https:\\\/\\\/hossoland.pl\\\/warunki-majowka-z-wikingami\\\/#breadcrumb\",\"itemListElement\":[{\"@type\":\"ListItem\",\"position\":1,\"name\":\"Strona g\u0142\u00f3wna\",\"item\":\"https:\\\/\\\/hossoland.pl\\\/\"},{\"@type\":\"ListItem\",\"position\":2,\"name\":\"Warunki \u201eMaj\u00f3wka z Wikingami\u201d\"}]},{\"@type\":\"WebSite\",\"@id\":\"https:\\\/\\\/hossoland.pl\\\/#website\",\"url\":\"https:\\\/\\\/hossoland.pl\\\/\",\"name\":\"HOSSOLAND - Nieziemski park rozrywki\",\"description\":\"Nieziemski park rozrywki\",\"potentialAction\":[{\"@type\":\"SearchAction\",\"target\":{\"@type\":\"EntryPoint\",\"urlTemplate\":\"https:\\\/\\\/hossoland.pl\\\/?s={search_term_string}\"},\"query-input\":{\"@type\":\"PropertyValueSpecification\",\"valueRequired\":true,\"valueName\":\"search_term_string\"}}],\"inLanguage\":\"de\"}]}<\/script>\n<!-- \/ Yoast SEO Premium plugin. -->","yoast_head_json":{"title":"Warunki \u201eMaj\u00f3wka z Wikingami\u201d - HOSSOLAND - Nieziemski park rozrywki","robots":{"index":"index","follow":"follow","max-snippet":"max-snippet:-1","max-image-preview":"max-image-preview:large","max-video-preview":"max-video-preview:-1"},"canonical":"https:\/\/hossoland.pl\/de\/warunki-majowka-z-wikingami\/","og_locale":"de_DE","og_type":"article","og_title":"Warunki \u201eMaj\u00f3wka z Wikingami\u201d","og_description":"Warunki Promocji \u201eMaj\u00f3wka z Wikingami\u201d Organizatorem promocji jest Hossoland Sp\u00f3\u0142ka z ograniczon\u0105 odpowiedzialno\u015bci\u0105, z siedzib\u0105 w Szczecinie (70-535 Szczecin) przy ul. Ma\u0142a Odrza\u0144ska 19, KRS 0000673582, REGON 367051556, NIP 8513206892, [&hellip;]","og_url":"https:\/\/hossoland.pl\/de\/warunki-majowka-z-wikingami\/","og_site_name":"HOSSOLAND - Nieziemski park rozrywki","article_modified_time":"2026-04-27T12:56:11+00:00","og_image":[{"width":1920,"height":1280,"url":"https:\/\/hossoland.pl\/wp-content\/uploads\/2025\/06\/image-2025-06-25-17-06-27-883_xnc.webp","type":"image\/webp"}],"twitter_card":"summary_large_image","twitter_misc":{"Gesch\u00e4tzte Lesezeit":"4\u00a0Minuten"},"schema":{"@context":"https:\/\/schema.org","@graph":[{"@type":"WebPage","@id":"https:\/\/hossoland.pl\/warunki-majowka-z-wikingami\/","url":"https:\/\/hossoland.pl\/warunki-majowka-z-wikingami\/","name":"Warunki \u201eMaj\u00f3wka z Wikingami\u201d - HOSSOLAND - Nieziemski park rozrywki","isPartOf":{"@id":"https:\/\/hossoland.pl\/#website"},"datePublished":"2026-04-27T12:48:24+00:00","dateModified":"2026-04-27T12:56:11+00:00","breadcrumb":{"@id":"https:\/\/hossoland.pl\/warunki-majowka-z-wikingami\/#breadcrumb"},"inLanguage":"de","potentialAction":[{"@type":"ReadAction","target":["https:\/\/hossoland.pl\/warunki-majowka-z-wikingami\/"]}]},{"@type":"BreadcrumbList","@id":"https:\/\/hossoland.pl\/warunki-majowka-z-wikingami\/#breadcrumb","itemListElement":[{"@type":"ListItem","position":1,"name":"Strona g\u0142\u00f3wna","item":"https:\/\/hossoland.pl\/"},{"@type":"ListItem","position":2,"name":"Warunki \u201eMaj\u00f3wka z Wikingami\u201d"}]},{"@type":"WebSite","@id":"https:\/\/hossoland.pl\/#website","url":"https:\/\/hossoland.pl\/","name":"HOSSOLAND - Ein unheimlicher Freizeitpark","description":"Ein unheimlicher Themenpark","potentialAction":[{"@type":"SearchAction","target":{"@type":"EntryPoint","urlTemplate":"https:\/\/hossoland.pl\/?s={search_term_string}"},"query-input":{"@type":"PropertyValueSpecification","valueRequired":true,"valueName":"search_term_string"}}],"inLanguage":"de"}]}},"_links":{"self":[{"href":"https:\/\/hossoland.pl\/de\/wp-json\/wp\/v2\/pages\/201975","targetHints":{"allow":["GET"]}}],"collection":[{"href":"https:\/\/hossoland.pl\/de\/wp-json\/wp\/v2\/pages"}],"about":[{"href":"https:\/\/hossoland.pl\/de\/wp-json\/wp\/v2\/types\/page"}],"author":[{"embeddable":true,"href":"https:\/\/hossoland.pl\/de\/wp-json\/wp\/v2\/users\/2"}],"replies":[{"embeddable":true,"href":"https:\/\/hossoland.pl\/de\/wp-json\/wp\/v2\/comments?post=201975"}],"version-history":[{"count":9,"href":"https:\/\/hossoland.pl\/de\/wp-json\/wp\/v2\/pages\/201975\/revisions"}],"predecessor-version":[{"id":201984,"href":"https:\/\/hossoland.pl\/de\/wp-json\/wp\/v2\/pages\/201975\/revisions\/201984"}],"wp:attachment":[{"href":"https:\/\/hossoland.pl\/de\/wp-json\/wp\/v2\/media?parent=201975"}],"curies":[{"name":"wp","href":"https:\/\/api.w.org\/{rel}","templated":true}]}}