{"id":193865,"date":"2026-04-07T09:37:17","date_gmt":"2026-04-07T07:37:17","guid":{"rendered":"https:\/\/hossoland.pl\/?page_id=193865"},"modified":"2026-04-07T10:36:40","modified_gmt":"2026-04-07T08:36:40","slug":"warunki-promocji-przedsprzedaz-2026","status":"publish","type":"page","link":"https:\/\/hossoland.pl\/de\/warunki-promocji-przedsprzedaz-2026\/","title":{"rendered":"Warunki promocji &#8222;Przedsprzeda\u017c 2026\u201d"},"content":{"rendered":"<div data-elementor-type=\"wp-page\" data-elementor-id=\"193865\" class=\"elementor elementor-193865\" data-elementor-post-type=\"page\">\n\t\t\t\t<div class=\"elementor-element elementor-element-d75f1ae e-flex e-con-boxed e-con e-parent\" data-id=\"d75f1ae\" data-element_type=\"container\" data-e-type=\"container\">\n\t\t\t\t\t<div class=\"e-con-inner\">\n\t\t\t\t<div class=\"elementor-element elementor-element-5744859 rozmiar16 elementor-widget elementor-widget-text-editor\" data-id=\"5744859\" data-element_type=\"widget\" data-e-type=\"widget\" data-widget_type=\"text-editor.default\">\n\t\t\t\t<div class=\"elementor-widget-container\">\n\t\t\t\t\t\t\t\t\t<p align=\"center\"><strong>Warunki promocji &#8222;Przedsprzeda\u017c 2026\u201d<\/strong><\/p><ol><li><p align=\"justify\">Veranstalter der Aktion ist die Hossoland Sp\u00f3\u0142ka z ograniczon\u0105 odpowiedzialno\u015bci\u0105 mit Sitz in Szczecin (70-535 Szczecin), ul. Ma\u0142a Odrza\u0144ska 19, KRS 0000673582, REGON 367051556, NIP 8513206892, im Folgenden \u201eVeranstalter\u201d genannt.<\/p><\/li><li><p align=\"justify\">Teilnehmer - eine Person, die die in \u00a7 2 der vorliegenden Aktionsbedingungen genannten Kriterien erf\u00fcllt.<\/p><\/li><li><p align=\"justify\">Aktion - die beschriebene Aktion wird unter dem Namen organisiert: <strong>&#8222;Przedsprzeda\u017c 2026\u201d.<\/strong><\/p><\/li><li><p align=\"justify\">Promocja dotyczy bilet\u00f3w zakupionych online w dniach od 7 kwietnia 2026 r. od godz. 10:00 do 24 kwietnia 2026 r. do godz. 23:59. Organizator zastrzega sobie prawo do zmiany terminu jej obowi\u0105zywania.<\/p><\/li><li><p align=\"justify\">Na podstawie tej promocji mo\u017cna zakupi\u0107 bilety wst\u0119pu w formie elektronicznej do Parku Rozrywki<br \/>Hossoland.<\/p><\/li><li>Die Aktion ist nicht mit anderen Rabatten und Nachl\u00e4ssen kombinierbar.<\/li><li>Promocja nie obejmuje bilet\u00f3w grupowych, dzieci\u0119cych, urodzinowych oraz op\u0142aty za parking.<\/li><li>Bilety obj\u0119te promocj\u0105 zakupione przez stron\u0119 internetow\u0105 zostan\u0105 wys\u0142ane na adres mailowy Uczestnika wskazany przez niego w zam\u00f3wieniu.<\/li><li>Organizator zastrzega sobie prawo do zmiany warunk\u00f3w promocji, odwo\u0142ania jej lub wprowadzenia zmian<br \/>w regulaminie.<\/li><\/ol><p align=\"center\"><span style=\"font-family: Aptos Narrow, sans-serif;\"><span style=\"font-size: small;\"><b>\u00a71 ALLGEMEINE BESTIMMUNGEN<\/b><\/span><\/span><\/p><ol><li><p align=\"justify\">Organizatorem promocji jest <strong>Hossoland Sp\u00f3\u0142ka z ograniczon\u0105 odpowiedzialno\u015bci\u0105<\/strong> z siedzib\u0105 w Szczecinie (70-535 Szczecin), przy ul. Ma\u0142a Odrza\u0144ska 19, wpisana do rejestru przedsi\u0119biorc\u00f3w KRS: 0000673582, REGON: 367051556, NIP: 8513206892, zwana dalej \u201eOrganizatorem\u201d.<\/p><\/li><li><p align=\"justify\">Teilnehmer - eine Person, die die in \u00a72 der Aktionsbedingungen genannten Bedingungen erf\u00fcllt.<\/p><\/li><li><p align=\"justify\">Allgemeine Gesch\u00e4ftsbedingungen - diese Gesch\u00e4ftsbedingungen f\u00fcr die Werbeaktion.<\/p><\/li><li><p align=\"justify\">Promocja \u2013 niniejsza promocja organizowana pod nazw\u0105 <strong>\u201ePrzedsprzeda\u017c 2026\u201d<\/strong>.<\/p><\/li><li><p align=\"justify\">Bilety obj\u0119te promocj\u0105 Uczestnik mo\u017ce zakupi\u0107 wy\u0142\u0105cznie na stronie internetowej www.hossoland.pl.<\/p><\/li><li><p align=\"justify\">Promocja dotyczy wy\u0142\u0105cznie bilet\u00f3w zakupionych w formie elektronicznej na sezon niski, zgodnie z kalendarzem otwarcia parku dost\u0119pnym na stronie internetowej Organizatora.<\/p><\/li><li><p align=\"justify\">Aby skorzysta\u0107 z promocji, nale\u017cy doda\u0107 do koszyka co najmniej dwa promocyjne bilety. Zni\u017cka w wysoko\u015bci 50% zostanie automatycznie naliczona na ta\u0144szy z dw\u00f3ch bilet\u00f3w. W przypadku zakupu wi\u0119kszej liczby bilet\u00f3w promocja naliczana jest za ka\u017cd\u0105 kolejn\u0105 par\u0119 bilet\u00f3w, przy czym rabat 50% obejmuje ta\u0144szy bilet w danej parze. Je\u015bli oba bilety w parze maj\u0105 tak\u0105 sam\u0105 cen\u0119, rabat zostanie naliczony na jeden z nich.<\/p><\/li><li><p align=\"justify\">Bilety zakupione w ramach promocji zostan\u0105 wys\u0142ane w formie elektronicznej na adres e-mail wskazany przez Uczestnika podczas sk\u0142adania zam\u00f3wienia.<\/p><\/li><li><p align=\"justify\">Bilety obj\u0119te promocj\u0105 Uczestnik mo\u017ce zakupi\u0107 wy\u0142\u0105cznie na stronie internetowej www.hossoland.pl<\/p><\/li><li><p align=\"justify\">Bilety zakupione w ramach promocji zostan\u0105 wys\u0142ane w formie elektronicznej na adres e-mail wskazany przez Uczestnika podczas sk\u0142adania zam\u00f3wienia.<\/p><\/li><li><p align=\"justify\">Die Aktion ist nicht mit anderen Rabatten und Nachl\u00e4ssen kombinierbar.<\/p><\/li><li><p align=\"justify\">Promocja nie obejmuje bilet\u00f3w grupowych, dzieci\u0119cych, urodzinowych oraz op\u0142aty za parking.<\/p><\/li><li><p align=\"justify\">Aktionstickets sind nicht wiederverk\u00e4uflich, nicht umtauschbar gegen eine andere Ticketart und nicht verl\u00e4ngerbar. Es ist nicht m\u00f6glich, einen Aufpreis f\u00fcr eine andere Ticketart zu erheben.<\/p><\/li><li><p align=\"justify\">Mit dem Kauf eines Promotionstickets erkl\u00e4rt sich der Teilnehmer mit diesen Aktionsbedingungen einverstanden.<\/p><\/li><\/ol><p align=\"center\"><span style=\"font-family: Aptos Narrow, sans-serif;\"><span style=\"font-size: small;\"><b>\u00a72 BEDINGUNGEN F\u00dcR DIE TEILNAHME AN DER AKTION<\/b><\/span><\/span><\/p><ol><li><p align=\"justify\">Die Aktion richtet sich nur an nat\u00fcrliche Personen, die Verbraucher im Sinne von Artikel 22 des Zivilgesetzbuches sind, ihren Wohnsitz auf dem Gebiet der Republik Polen haben und zum Zeitpunkt der Teilnahme an der Aktion mindestens 18 Jahre alt sind.<\/p><\/li><li><p align=\"justify\">W celu skorzystania z promocji, Uczestnik zobowi\u0105zany jest do zakupu bilet\u00f3w obj\u0119tych promocj\u0105 na stronie internetowej Organizatora: www.hossoland.pl.<\/p><\/li><li><p align=\"justify\">Mit der Teilnahme an der Werbeaktion best\u00e4tigt der Teilnehmer, dass er\/sie die Bedingungen der Werbeaktion gelesen hat, die Bedingungen akzeptiert und alle Kriterien f\u00fcr die Teilnahme an der Werbeaktion erf\u00fcllt.<\/p><\/li><\/ol><p align=\"center\"><span style=\"font-family: Aptos Narrow, sans-serif;\"><span style=\"font-size: small;\"><b>\u00a73 SCHLUSSBESTIMMUNGEN<\/b><\/span><\/span><\/p><ol><li><p>Warunki niniejszej Promocji s\u0105 dost\u0119pne na stronie internetowej Organizatora: www.hossoland.pl. W kwestiach nieobj\u0119tych niniejszym regulaminem obowi\u0105zuj\u0105 zapisy Regulaminu sprzeda\u017cy bilet\u00f3w online, dost\u0119pnego na wskazanej stronie.<\/p><\/li><li><p>Die im Rahmen dieser Aktion angebotenen Sonderfahrkarten k\u00f6nnen nicht in Raten gekauft werden. Aktionsfahrkarten k\u00f6nnen nur durch eine einmalige Zahlung des Gesamtbetrags f\u00fcr die Fahrkarte erworben werden.<\/p><\/li><li><p>Wszelkie reklamacje zwi\u0105zane z promocj\u0105 nale\u017cy zg\u0142asza\u0107 pisemnie na adres siedziby Organizatora lub mailowo na adres: <a href=\"mailto:info@hossoland.pl\">info@hossoland.pl<\/a>, w terminie 14 dni od zako\u0144czenia promocji.<\/p><\/li><li><p>Organizator nie ponosi odpowiedzialno\u015bci za niedostarczenie biletu wynikaj\u0105ce z b\u0142\u0119dnie podanych danych kontaktowych przez Uczestnika.<\/p><\/li><li><p>Die Anzahl der Aktionskarten kann begrenzt sein. Wenn der Pool ersch\u00f6pft ist, kann die Aktion fr\u00fcher als geplant enden.<\/p><\/li><li><p>Der Veranstalter beh\u00e4lt sich das Recht vor, die Bedingungen der Aktion zu \u00e4ndern, sie abzubrechen oder die Bedingungen zu erg\u00e4nzen.<\/p><\/li><\/ol>\t\t\t\t\t\t\t\t<\/div>\n\t\t\t\t<\/div>\n\t\t\t\t\t<\/div>\n\t\t\t\t<\/div>\n\t\t\t\t<\/div>","protected":false},"excerpt":{"rendered":"<p>Warunki promocji &#8222;Przedsprzeda\u017c 2026\u201d Organizatorem promocji jest Hossoland Sp\u00f3\u0142ka z ograniczon\u0105 odpowiedzialno\u015bci\u0105, z siedzib\u0105 w Szczecinie (70-535 Szczecin) przy ul. Ma\u0142a Odrza\u0144ska 19, KRS 0000673582, REGON 367051556, NIP 8513206892, zwana [&hellip;]<\/p>\n","protected":false},"author":2,"featured_media":0,"parent":0,"menu_order":0,"comment_status":"closed","ping_status":"closed","template":"elementor_header_footer","meta":{"footnotes":""},"class_list":["post-193865","page","type-page","status-publish","hentry"],"acf":[],"yoast_head":"<!-- This site is optimized with the Yoast SEO Premium plugin v23.8 (Yoast SEO v27.3) - https:\/\/yoast.com\/product\/yoast-seo-premium-wordpress\/ -->\n<title>Warunki promocji &quot;Przedsprzeda\u017c 2026\u201d - HOSSOLAND - Nieziemski park rozrywki<\/title>\n<meta name=\"robots\" content=\"index, follow, max-snippet:-1, max-image-preview:large, max-video-preview:-1\" \/>\n<link rel=\"canonical\" href=\"https:\/\/hossoland.pl\/de\/warunki-promocji-przedsprzedaz-2026\/\" \/>\n<meta property=\"og:locale\" content=\"de_DE\" \/>\n<meta property=\"og:type\" content=\"article\" \/>\n<meta property=\"og:title\" content=\"Warunki promocji &quot;Przedsprzeda\u017c 2026\u201d\" \/>\n<meta property=\"og:description\" content=\"Warunki promocji &#8222;Przedsprzeda\u017c 2026\u201d Organizatorem promocji jest Hossoland Sp\u00f3\u0142ka z ograniczon\u0105 odpowiedzialno\u015bci\u0105, z siedzib\u0105 w Szczecinie (70-535 Szczecin) przy ul. Ma\u0142a Odrza\u0144ska 19, KRS 0000673582, REGON 367051556, NIP 8513206892, zwana [&hellip;]\" \/>\n<meta property=\"og:url\" content=\"https:\/\/hossoland.pl\/de\/warunki-promocji-przedsprzedaz-2026\/\" \/>\n<meta property=\"og:site_name\" content=\"HOSSOLAND - Nieziemski park rozrywki\" \/>\n<meta property=\"article:modified_time\" content=\"2026-04-07T08:36:40+00:00\" \/>\n<meta property=\"og:image\" content=\"https:\/\/hossoland.pl\/wp-content\/uploads\/2025\/06\/image-2025-06-25-17-06-27-883_xnc.webp\" \/>\n\t<meta property=\"og:image:width\" content=\"1920\" \/>\n\t<meta property=\"og:image:height\" content=\"1280\" \/>\n\t<meta property=\"og:image:type\" content=\"image\/webp\" \/>\n<meta name=\"twitter:card\" content=\"summary_large_image\" \/>\n<meta name=\"twitter:label1\" content=\"Gesch\u00e4tzte Lesezeit\" \/>\n\t<meta name=\"twitter:data1\" content=\"4\u00a0Minuten\" \/>\n<script type=\"application\/ld+json\" class=\"yoast-schema-graph\">{\"@context\":\"https:\\\/\\\/schema.org\",\"@graph\":[{\"@type\":\"WebPage\",\"@id\":\"https:\\\/\\\/hossoland.pl\\\/warunki-promocji-przedsprzedaz-2026\\\/\",\"url\":\"https:\\\/\\\/hossoland.pl\\\/warunki-promocji-przedsprzedaz-2026\\\/\",\"name\":\"Warunki promocji \\\"Przedsprzeda\u017c 2026\u201d - HOSSOLAND - Nieziemski park rozrywki\",\"isPartOf\":{\"@id\":\"https:\\\/\\\/hossoland.pl\\\/#website\"},\"datePublished\":\"2026-04-07T07:37:17+00:00\",\"dateModified\":\"2026-04-07T08:36:40+00:00\",\"breadcrumb\":{\"@id\":\"https:\\\/\\\/hossoland.pl\\\/warunki-promocji-przedsprzedaz-2026\\\/#breadcrumb\"},\"inLanguage\":\"de\",\"potentialAction\":[{\"@type\":\"ReadAction\",\"target\":[\"https:\\\/\\\/hossoland.pl\\\/warunki-promocji-przedsprzedaz-2026\\\/\"]}]},{\"@type\":\"BreadcrumbList\",\"@id\":\"https:\\\/\\\/hossoland.pl\\\/warunki-promocji-przedsprzedaz-2026\\\/#breadcrumb\",\"itemListElement\":[{\"@type\":\"ListItem\",\"position\":1,\"name\":\"Strona g\u0142\u00f3wna\",\"item\":\"https:\\\/\\\/hossoland.pl\\\/\"},{\"@type\":\"ListItem\",\"position\":2,\"name\":\"Warunki promocji &#8222;Przedsprzeda\u017c 2026\u201d\"}]},{\"@type\":\"WebSite\",\"@id\":\"https:\\\/\\\/hossoland.pl\\\/#website\",\"url\":\"https:\\\/\\\/hossoland.pl\\\/\",\"name\":\"HOSSOLAND - Nieziemski park rozrywki\",\"description\":\"Nieziemski park rozrywki\",\"potentialAction\":[{\"@type\":\"SearchAction\",\"target\":{\"@type\":\"EntryPoint\",\"urlTemplate\":\"https:\\\/\\\/hossoland.pl\\\/?s={search_term_string}\"},\"query-input\":{\"@type\":\"PropertyValueSpecification\",\"valueRequired\":true,\"valueName\":\"search_term_string\"}}],\"inLanguage\":\"de\"}]}<\/script>\n<!-- \/ Yoast SEO Premium plugin. -->","yoast_head_json":{"title":"Warunki promocji \"Przedsprzeda\u017c 2026\u201d - HOSSOLAND - Nieziemski park rozrywki","robots":{"index":"index","follow":"follow","max-snippet":"max-snippet:-1","max-image-preview":"max-image-preview:large","max-video-preview":"max-video-preview:-1"},"canonical":"https:\/\/hossoland.pl\/de\/warunki-promocji-przedsprzedaz-2026\/","og_locale":"de_DE","og_type":"article","og_title":"Warunki promocji \"Przedsprzeda\u017c 2026\u201d","og_description":"Warunki promocji &#8222;Przedsprzeda\u017c 2026\u201d Organizatorem promocji jest Hossoland Sp\u00f3\u0142ka z ograniczon\u0105 odpowiedzialno\u015bci\u0105, z siedzib\u0105 w Szczecinie (70-535 Szczecin) przy ul. Ma\u0142a Odrza\u0144ska 19, KRS 0000673582, REGON 367051556, NIP 8513206892, zwana [&hellip;]","og_url":"https:\/\/hossoland.pl\/de\/warunki-promocji-przedsprzedaz-2026\/","og_site_name":"HOSSOLAND - Nieziemski park rozrywki","article_modified_time":"2026-04-07T08:36:40+00:00","og_image":[{"width":1920,"height":1280,"url":"https:\/\/hossoland.pl\/wp-content\/uploads\/2025\/06\/image-2025-06-25-17-06-27-883_xnc.webp","type":"image\/webp"}],"twitter_card":"summary_large_image","twitter_misc":{"Gesch\u00e4tzte Lesezeit":"4\u00a0Minuten"},"schema":{"@context":"https:\/\/schema.org","@graph":[{"@type":"WebPage","@id":"https:\/\/hossoland.pl\/warunki-promocji-przedsprzedaz-2026\/","url":"https:\/\/hossoland.pl\/warunki-promocji-przedsprzedaz-2026\/","name":"Warunki promocji \"Przedsprzeda\u017c 2026\u201d - HOSSOLAND - Nieziemski park rozrywki","isPartOf":{"@id":"https:\/\/hossoland.pl\/#website"},"datePublished":"2026-04-07T07:37:17+00:00","dateModified":"2026-04-07T08:36:40+00:00","breadcrumb":{"@id":"https:\/\/hossoland.pl\/warunki-promocji-przedsprzedaz-2026\/#breadcrumb"},"inLanguage":"de","potentialAction":[{"@type":"ReadAction","target":["https:\/\/hossoland.pl\/warunki-promocji-przedsprzedaz-2026\/"]}]},{"@type":"BreadcrumbList","@id":"https:\/\/hossoland.pl\/warunki-promocji-przedsprzedaz-2026\/#breadcrumb","itemListElement":[{"@type":"ListItem","position":1,"name":"Strona g\u0142\u00f3wna","item":"https:\/\/hossoland.pl\/"},{"@type":"ListItem","position":2,"name":"Warunki promocji &#8222;Przedsprzeda\u017c 2026\u201d"}]},{"@type":"WebSite","@id":"https:\/\/hossoland.pl\/#website","url":"https:\/\/hossoland.pl\/","name":"HOSSOLAND - Ein unheimlicher Freizeitpark","description":"Ein unheimlicher Themenpark","potentialAction":[{"@type":"SearchAction","target":{"@type":"EntryPoint","urlTemplate":"https:\/\/hossoland.pl\/?s={search_term_string}"},"query-input":{"@type":"PropertyValueSpecification","valueRequired":true,"valueName":"search_term_string"}}],"inLanguage":"de"}]}},"_links":{"self":[{"href":"https:\/\/hossoland.pl\/de\/wp-json\/wp\/v2\/pages\/193865","targetHints":{"allow":["GET"]}}],"collection":[{"href":"https:\/\/hossoland.pl\/de\/wp-json\/wp\/v2\/pages"}],"about":[{"href":"https:\/\/hossoland.pl\/de\/wp-json\/wp\/v2\/types\/page"}],"author":[{"embeddable":true,"href":"https:\/\/hossoland.pl\/de\/wp-json\/wp\/v2\/users\/2"}],"replies":[{"embeddable":true,"href":"https:\/\/hossoland.pl\/de\/wp-json\/wp\/v2\/comments?post=193865"}],"version-history":[{"count":11,"href":"https:\/\/hossoland.pl\/de\/wp-json\/wp\/v2\/pages\/193865\/revisions"}],"predecessor-version":[{"id":193882,"href":"https:\/\/hossoland.pl\/de\/wp-json\/wp\/v2\/pages\/193865\/revisions\/193882"}],"wp:attachment":[{"href":"https:\/\/hossoland.pl\/de\/wp-json\/wp\/v2\/media?parent=193865"}],"curies":[{"name":"wp","href":"https:\/\/api.w.org\/{rel}","templated":true}]}}